{"id":13629,"date":"2025-04-10T12:22:23","date_gmt":"2025-04-10T12:22:23","guid":{"rendered":"https:\/\/agropic.it\/?post_type=product&#038;p=13629"},"modified":"2026-02-27T17:56:17","modified_gmt":"2026-02-27T17:56:17","slug":"kastanienhonig-500-g","status":"publish","type":"product","link":"https:\/\/agropic.it\/de\/produkt\/kastanienhonig-500-g\/","title":{"rendered":"Kastanienhonig 500 g"},"content":{"rendered":"<p>Kastanienhonig (500 g) z\u00e4hlt zu den begehrtesten Honigsorten. Er besticht durch seine dunkle Farbe und sein intensives, balsamisches Aroma.<\/p>\n<p>Kastanienhonig ist ein sortenreiner Honig, bekannt f\u00fcr seinen unverwechselbaren Geschmack, seine wohltuenden Eigenschaften und seine vielseitige Verwendung in der K\u00fcche und der Naturheilkunde. Empfohlen f\u00fcr alle, die mildere Honigsorten mit einem kr\u00e4ftigeren Geschmack bevorzugen.<\/p>\n<p>Kastanienhonig ist ein wahrer Schatz der Natur, der mit Sorgfalt und Leidenschaft in jedem Produktionsschritt hergestellt wird \u2013 von der Ernte \u00fcber die schonende Honiggewinnung, bei der alle nat\u00fcrlichen Eigenschaften erhalten bleiben, bis hin zur Verpackung. Jeder Schritt wird von Hand ausgef\u00fchrt, um ein authentisches, hochwertiges Produkt zu gew\u00e4hrleisten, das reich an all den Eigenschaften ist, die ihn so einzigartig und wertvoll machen.<\/p>\n<p>100 % handwerklich hergestellt, sortenrein und unpasteurisiert. Sie erhalten ein nat\u00fcrliches und authentisches Produkt direkt nach Hause geliefert, das von B\u00f6den stammt, die frei von Pestiziden und bienensch\u00e4dlichen Substanzen sind.<\/p>\n<p>Eigenschaften von Kastanienhonig:<br \/>\nFarbe: Kastanienhonig ist sehr dunkel. Er ist in der Regel dunkler als andere Honigsorten.<\/p>\n<p>Geschmack: Der Geschmack ist nicht sehr s\u00fc\u00df, mit leicht holzigen Noten.<\/p>\n<p>Aroma: Das Aroma ist recht intensiv, mit kr\u00e4uterartigen Ankl\u00e4ngen, die an Bergd\u00fcfte erinnern.<br \/>\nWohltuende Eigenschaften von Kastanienhonig: Kastanienhonig ist ein wertvoller Helfer f\u00fcr die Gesundheit. Er ist reich an Eisen und Mineralstoffen wie Magnesium, Kalium, Natrium und Kalzium, die das allgemeine Wohlbefinden f\u00f6rdern. Dank seiner antibakteriellen und beruhigenden Eigenschaften eignet er sich ideal zur Linderung von Halsschmerzen und grippe\u00e4hnlichen Beschwerden. Er wird auch bei Verstopfung oder Harnwegsproblemen empfohlen. Er ist ein nat\u00fcrliches Heilmittel, das Energie freisetzt und die Regeneration nach Ersch\u00f6pfung unterst\u00fctzt. Zudem ist er ein starkes Antioxidans, das der Zellalterung entgegenwirkt. Dar\u00fcber hinaus f\u00f6rdert er die Durchblutung, reinigt Leber und Harnwege und unterst\u00fctzt die Verdauung. Daher ist er auch f\u00fcr Kinder und \u00e4ltere Menschen geeignet.<\/p>\n<p>Inhalt: 500 g<\/p>\n<p>Herkunft: Italien (Kalabrien)<\/p>\n<p>Die nat\u00fcrliche Verfestigung des Kastanienhonigs garantiert dessen Echtheit.<\/p>\n<p>Aufbewahrung: K\u00fchl, trocken und vor direkter Sonneneinstrahlung und Hitze gesch\u00fctzt lagern.<\/p>\n<p>Als Familienbetrieb w\u00e4hlen wir die besten Rohstoffe aus, die auf unserem fruchtbaren Boden wachsen und nach alten Traditionen verarbeitet werden.<\/p>\n<p>Neben Kastanienhonig bieten wir eine breite Palette an Produkten an, die alle frisch und nach traditionellen Methoden hergestellt werden und unverwechselbare Aromen bieten. Dazu geh\u00f6ren Fruchts\u00e4fte, saisonale Fruchtaufstriche und -konfit\u00fcren, Tomatenp\u00fcrees, Cremes, Honig und \u00d6lkonserven.<\/p>\n<p>Unser Hauptziel ist es, die Aromen und Fr\u00fcchte Kalabriens bekannt zu machen, insbesondere die besonderen und weniger bekannten Sorten wie Bergamotte \u2013 eine Frucht mit vielen positiven Eigenschaften, einzigartig und herb, wie ganz Kalabrien.<\/p>\n<p>Wir bringen Ihnen hochwertige, authentische Produkte auf den Tisch, die aus sorgf\u00e4ltig ausgew\u00e4hlten Rohstoffen stammen. Viele davon bauen wir direkt an und verarbeiten sie ohne den Einsatz von Chemikalien.<\/p>\n<p>Natur, Tradition und h\u00f6chste Qualit\u00e4t sind die Zutaten f\u00fcr den Erfolg von Agro Pic.<\/p>\n<p>Folgen Sie uns auf Instagram, um die neuesten Nachrichten von Agro Pic zu erhalten.<\/p>\n<p>https:\/\/www.instagram.com\/agropic\/<\/p>\n<p>Bei Fragen zu unseren Produkten kontaktieren Sie uns bitte:<\/p>\n<p>Mobil: +39 3495651669<\/p>\n<p>E-Mail: info@agropic.it<\/p>\n<p>Telefon: +39 0964 1955229<\/p>\n<p>&nbsp;<\/p>\n<p>Kastanienhonig z\u00e4hlt zu den begehrtesten Honigsorten. Er zeichnet sich durch seine dunkle Farbe und sein intensives, balsamisches Aroma aus.<\/p>\n<p>Kastanienhonig ist ein sortenreiner Honig, der f\u00fcr seinen unverwechselbaren Geschmack, seine wohltuenden Eigenschaften und seine vielseitige Verwendung in der K\u00fcche und der Naturheilkunde bekannt ist. Empfohlen f\u00fcr alle, die mildere Honigsorten mit einem kr\u00e4ftigeren Geschmack bevorzugen.<\/p>\n<p>100 % handwerklich hergestellt, sortenrein und unbehandelt.<\/p>\n<p>Inhalt: 500 g<\/p>\n<p>Herkunft: Italien (Kalabrien)<\/p>\n<p>Lesen Sie die vollst\u00e4ndige Beschreibung unten.<\/p>\n<p>Jetzt bestellen und in 4\u20135 Tagen nach Hause geliefert bekommen.<\/p>\n","protected":false},"excerpt":{"rendered":"<p>Kastanienhonig z\u00e4hlt zu den begehrtesten Honigsorten. Er zeichnet sich durch seine dunkle Farbe und sein intensives, balsamisches Aroma aus.<\/p>\n<p>Kastanienhonig ist ein sortenreiner Honig, der f\u00fcr seinen unverwechselbaren Geschmack, seine wohltuenden Eigenschaften und seine vielseitige Verwendung in der K\u00fcche und der Naturheilkunde bekannt ist. Empfohlen f\u00fcr alle, die mildere Honigsorten mit einem kr\u00e4ftigeren Geschmack bevorzugen.<\/p>\n<p>100 % handwerklich hergestellt, sortenrein und unbehandelt.<\/p>\n<p>Inhalt: 500 g<\/p>\n<p>Herkunft: Italien (Kalabrien)<\/p>\n<p>Lesen Sie die vollst\u00e4ndige Beschreibung unten.<\/p>\n<p>Jetzt bestellen und in 4\u20135 Tagen nach Hause geliefert bekommen.&hellip; <a class=\"kt-excerpt-readmore more-link\" href=\"https:\/\/agropic.it\/de\/produkt\/kastanienhonig-500-g\/\" aria-label=\"Kastanienhonig 500 g\">Read More<\/a><\/p>\n","protected":false},"featured_media":11331,"comment_status":"closed","ping_status":"closed","template":"","meta":{"kt_blocks_editor_width":"","_kad_blocks_custom_css":"","_kad_blocks_head_custom_js":"","_kad_blocks_body_custom_js":"","_kad_blocks_footer_custom_js":""},"product_brand":[],"product_cat":[256],"product_tag":[],"class_list":{"0":"post-13629","1":"product","2":"type-product","3":"status-publish","4":"has-post-thumbnail","6":"product_cat-honig","8":"first","9":"instock","10":"shipping-taxable","11":"purchasable","12":"product-type-simple"},"taxonomy_info":{"product_cat":[{"value":256,"label":"Honig"}]},"featured_image_src_large":["https:\/\/agropic.it\/wp-content\/uploads\/2024\/01\/Miele-di-castagno-500-g-tiny-960x960.jpg",960,960,true],"author_info":[],"comment_info":0,"_links":{"self":[{"href":"https:\/\/agropic.it\/de\/wp-json\/wp\/v2\/product\/13629","targetHints":{"allow":["GET"]}}],"collection":[{"href":"https:\/\/agropic.it\/de\/wp-json\/wp\/v2\/product"}],"about":[{"href":"https:\/\/agropic.it\/de\/wp-json\/wp\/v2\/types\/product"}],"replies":[{"embeddable":true,"href":"https:\/\/agropic.it\/de\/wp-json\/wp\/v2\/comments?post=13629"}],"wp:featuredmedia":[{"embeddable":true,"href":"https:\/\/agropic.it\/de\/wp-json\/wp\/v2\/media\/11331"}],"wp:attachment":[{"href":"https:\/\/agropic.it\/de\/wp-json\/wp\/v2\/media?parent=13629"}],"wp:term":[{"taxonomy":"product_brand","embeddable":true,"href":"https:\/\/agropic.it\/de\/wp-json\/wp\/v2\/product_brand?post=13629"},{"taxonomy":"product_cat","embeddable":true,"href":"https:\/\/agropic.it\/de\/wp-json\/wp\/v2\/product_cat?post=13629"},{"taxonomy":"product_tag","embeddable":true,"href":"https:\/\/agropic.it\/de\/wp-json\/wp\/v2\/product_tag?post=13629"}],"curies":[{"name":"wp","href":"https:\/\/api.w.org\/{rel}","templated":true}]}}