{"id":12759,"date":"2025-08-08T12:22:04","date_gmt":"2025-08-08T12:22:04","guid":{"rendered":"https:\/\/agropic.it\/?post_type=product&#038;p=12759"},"modified":"2025-10-20T10:04:28","modified_gmt":"2025-10-20T10:04:28","slug":"orangenhonig-500g","status":"publish","type":"product","link":"https:\/\/agropic.it\/de\/produkt\/orangenhonig-500g\/","title":{"rendered":"Orangenhonig 500g"},"content":{"rendered":"<h6>Orangenhonig 500g<\/h6>\n<p><strong>Orangenhonig 500 g<\/strong> ist ein traditionelles italienisches Imkereiprodukt, gewonnen aus dem Nektar der Orangenbl\u00fcten Kalabriens.<\/p>\n<p>Mit seiner hellen Farbe und seinem unverwechselbaren Aroma bietet dieser Honig einen s\u00fc\u00dfen, leicht zitronigen Geschmack, der vom ersten Schluck an begeistert.<\/p>\n<p>Dank seiner nat\u00fcrlichen Eigenschaften wird Orangenhonig nicht nur als nat\u00fcrliches S\u00fc\u00dfungsmittel gesch\u00e4tzt, sondern auch f\u00fcr seine wohltuenden Eigenschaften: entspannende Wirkung, antioxidative Wirkung und Unterst\u00fctzung des allgemeinen Wohlbefindens.<\/p>\n<p>Perfekt zum L\u00f6ffeln, als Brotaufstrich oder zum Verfeinern von Kr\u00e4utertees, Desserts und Gourmetrezepten.<\/p>\n<p><strong>Zutaten<\/strong>: 100 % Orangenhonig<\/p>\n<p><strong>Honigherkunft<\/strong>: Italien (Kalabrien)<\/p>\n<p><strong>Gr\u00f6\u00dfe<\/strong>: 500 g<\/p>\n<p>Jede Verfestigung garantiert die Echtheit des Produkts, da es sich um einen nat\u00fcrlichen Prozess handelt. Mit der Zeit wird die Konsistenz k\u00f6rniger. Dieser Prozess beeintr\u00e4chtigt jedoch nicht die Qualit\u00e4t des Produkts und kann durch leichtes Erw\u00e4rmen des Glases r\u00fcckg\u00e4ngig gemacht werden.<\/p>\n<p><strong>Lagerung<\/strong>: An einem k\u00fchlen, trockenen Ort, fern von Licht- und W\u00e4rmequellen lagern.<\/p>\n<p><strong>N\u00e4hrwerte<\/strong>:<\/p>\n<ul>\n<li>Energie: 332 kcal \u2013 1391 kJ<\/li>\n<li>Kohlenhydrate: 82,7 g<\/li>\n<li>davon Zucker: 82,5 g<\/li>\n<li>Eiwei\u00df: 0,3 g<\/li>\n<li>Fett: 0,1 g<\/li>\n<li>davon ges\u00e4ttigte Fetts\u00e4uren: 0,1 g<\/li>\n<li>Salz: 9 mg<\/li>\n<\/ul>\n<p><strong>Orangenhonig 500<\/strong> g ist eine traditionelle italienische Imkerspezialit\u00e4t, gewonnen aus dem Nektar kalabrischer Orangenbl\u00fcten.<br \/>\nMit seiner hellen Farbe und dem unverwechselbaren Aroma besticht dieser Honig durch seinen s\u00fc\u00dfen, leicht zitronigen Geschmack, der auf den ersten Blick begeistert.<\/p>\n<p>Dank seiner nat\u00fcrlichen Eigenschaften wird Orangenhonig nicht nur als nat\u00fcrliches S\u00fc\u00dfungsmittel gesch\u00e4tzt, sondern auch f\u00fcr seine wohltuenden Eigenschaften: entspannend, antioxidativ und unterst\u00fctzend f\u00fcr das allgemeine Wohlbefinden.<\/p>\n<p>Perfekt zum L\u00f6ffeln, als Brotaufstrich oder zum Verfeinern von Kr\u00e4utertees, Desserts und Gourmet-Rezepten.<\/p>\n<p>100 % nat\u00fcrlich, rein und kalabrisch. Entdecken Sie jetzt seinen erlesenen Geschmack!<\/p>\n<p>Jede Verfestigung ist ein nat\u00fcrlicher Prozess und garantiert die Authentizit\u00e4t des Produkts. Mit der Zeit wird die Konsistenz k\u00f6rniger. Dieser Prozess beeintr\u00e4chtigt jedoch nicht die Qualit\u00e4t des Produkts und kann durch leichtes Erw\u00e4rmen des Glases r\u00fcckg\u00e4ngig gemacht werden.<\/p>\n<p><strong>Als Familienbetrieb w\u00e4hlen wir die besten Rohstoffe aus<\/strong>, die auf dem fruchtbaren Boden des Hofes angebaut und nach alter Tradition verarbeitet werden.<br \/>\nNeben Sulla-Honig bieten wir eine breite Palette an Produkten an, alle frisch und handwerklich hergestellt und mit unverwechselbarem Geschmack, wie Fruchts\u00e4fte, saisonale Fruchtmarmeladen und -konfit\u00fcren, Tomatenp\u00fcrees, Cremes, Honig und \u00d6lkonserven.<\/p>\n<p>Als Familienbetrieb w\u00e4hlen wir die besten Rohstoffe aus, die auf dem fruchtbaren Boden des Hofes angebaut und nach alter Tradition verarbeitet werden.<br \/>\nNeben Sulla-Honig bieten wir eine breite Palette an Produkten an, alle frisch und handwerklich hergestellt und mit unverwechselbarem Geschmack, wie Fruchts\u00e4fte, saisonale Fruchtmarmeladen und -konfit\u00fcren, Tomatenp\u00fcrees, Cremes, Honig und \u00d6lkonserven.<\/p>\n<p><strong>Unser Hauptziel ist es, die Aromen und Fr\u00fcchte Kalabriens zu f\u00f6rdern, insbesondere die besonderen und weniger bekannten, wie zum Beispiel die Bergamotte,<\/strong> eine Frucht mit vielen wohltuenden Eigenschaften, einzigartig und herb, wie ganz Kalabrien.<\/p>\n<p>Wir bringen hochwertige, authentische Produkte auf Ihren Tisch, die aus einer sorgf\u00e4ltigen und kontrollierten Auswahl an Rohstoffen stammen, von denen viele direkt von uns angebaut und ohne den Einsatz von Chemikalien gewonnen werden.<\/p>\n<p>Natur, Tradition und hohe Qualit\u00e4t sind die Zutaten f\u00fcr den Erfolg von Agro Pic.<\/p>\n<p>Folgen Sie uns auf INSTAGRAM, um die neuesten Inhalte und Neuigkeiten von Agro Pic zu entdecken.<\/p>\n<p>https:\/\/www.instagram.com\/agropic\/<\/p>\n<p>F\u00fcr weitere Informationen zu unseren Produkten kontaktieren Sie uns bitte:<\/p>\n<p>Mobil: +39 3495651669<\/p>\n<p>E-Mail: info@agropic.it<\/p>\n<p>Tel.: +39 0964 1955229<\/p>\n<p>Wir bringen hochwertige, authentische Produkte auf Ihren Tisch, die aus einer sorgf\u00e4ltigen und kontrollierten Auswahl an Rohstoffen stammen, von denen viele direkt von uns angebaut und ohne den Einsatz von Chemikalien gewonnen werden.<\/p>\n<p>Natur, Tradition und hohe Qualit\u00e4t sind die Zutaten f\u00fcr den Erfolg von Agro Pic.<\/p>\n<p>Folgen Sie uns auf INSTAGRAM, um die neuesten Inhalte und Neuigkeiten von Agro Pic zu entdecken.<\/p>\n<p>https:\/\/www.instagram.com\/agropic\/<\/p>\n<p><strong>F\u00fcr weitere Informationen zu unseren Produkten kontaktieren Sie uns bitte:<\/strong><\/p>\n<p>Mobil: +39 3495651669<\/p>\n<p>E-Mail: info@agropic.it<\/p>\n<p>Tel.: +39 0964 1955229<\/p>\n","protected":false},"excerpt":{"rendered":"<p><strong>Orangenhonig 500<\/strong> g ist ein hervorragendes Beispiel traditioneller italienischer Imkerei und wird aus dem Nektar kalabrischer Orangenbl\u00fcten hergestellt.<\/p>\n<p>Die schillernde Farbe und der Duft sind unwiderstehlich, sodass Sie einen s\u00fc\u00dfen Geschmack genie\u00dfen k\u00f6nnen. Mit einer Zitrusnote werden Sie ihn sofort genie\u00dfen.<\/p>\n<p>Dank all ihrer nat\u00fcrlichen Eigenschaften wird Orange nicht nur als nat\u00fcrliches S\u00fc\u00dfungsmittel gesch\u00e4tzt, sondern auch f\u00fcr ihre wohltuenden Eigenschaften: entspannend, antioxidativ und f\u00fcr ein gesundes allgemeines Wohlbefinden.<\/p>\n<p>Perfekt zum L\u00f6ffeln, als Brotaufstrich oder zum Verfeinern von Kr\u00e4utertees, Desserts und Gourmetrezepten.<\/p>\n<p><strong>Zutaten<\/strong>: 100 % Orangenhonig<\/p>\n<p><strong>Honigherkunft<\/strong>: Italien (Kalabrien)<\/p>\n<p><strong>Gr\u00f6\u00dfe<\/strong>: 500 g<\/p>\n<p><strong>Ausf\u00fchrliche Beschreibung unten.<\/strong>&hellip; <a class=\"kt-excerpt-readmore more-link\" href=\"https:\/\/agropic.it\/de\/produkt\/orangenhonig-500g\/\" aria-label=\"Orangenhonig 500g\">Read More<\/a><\/p>\n","protected":false},"featured_media":12320,"comment_status":"closed","ping_status":"closed","template":"","meta":{"kt_blocks_editor_width":"","_kad_blocks_custom_css":"","_kad_blocks_head_custom_js":"","_kad_blocks_body_custom_js":"","_kad_blocks_footer_custom_js":""},"product_brand":[],"product_cat":[256],"product_tag":[],"class_list":{"0":"post-12759","1":"product","2":"type-product","3":"status-publish","4":"has-post-thumbnail","6":"product_cat-honig","8":"first","9":"instock","10":"shipping-taxable","11":"purchasable","12":"product-type-simple"},"taxonomy_info":{"product_cat":[{"value":256,"label":"Honig"}]},"featured_image_src_large":["https:\/\/agropic.it\/wp-content\/uploads\/2024\/01\/miele-di-arancio-500g-960x960.png",960,960,true],"author_info":[],"comment_info":0,"_links":{"self":[{"href":"https:\/\/agropic.it\/de\/wp-json\/wp\/v2\/product\/12759","targetHints":{"allow":["GET"]}}],"collection":[{"href":"https:\/\/agropic.it\/de\/wp-json\/wp\/v2\/product"}],"about":[{"href":"https:\/\/agropic.it\/de\/wp-json\/wp\/v2\/types\/product"}],"replies":[{"embeddable":true,"href":"https:\/\/agropic.it\/de\/wp-json\/wp\/v2\/comments?post=12759"}],"wp:featuredmedia":[{"embeddable":true,"href":"https:\/\/agropic.it\/de\/wp-json\/wp\/v2\/media\/12320"}],"wp:attachment":[{"href":"https:\/\/agropic.it\/de\/wp-json\/wp\/v2\/media?parent=12759"}],"wp:term":[{"taxonomy":"product_brand","embeddable":true,"href":"https:\/\/agropic.it\/de\/wp-json\/wp\/v2\/product_brand?post=12759"},{"taxonomy":"product_cat","embeddable":true,"href":"https:\/\/agropic.it\/de\/wp-json\/wp\/v2\/product_cat?post=12759"},{"taxonomy":"product_tag","embeddable":true,"href":"https:\/\/agropic.it\/de\/wp-json\/wp\/v2\/product_tag?post=12759"}],"curies":[{"name":"wp","href":"https:\/\/api.w.org\/{rel}","templated":true}]}}