{"id":12753,"date":"2024-01-29T08:34:04","date_gmt":"2024-01-29T08:34:04","guid":{"rendered":"https:\/\/agropic.it\/?post_type=product&#038;p=12753"},"modified":"2025-10-20T09:19:07","modified_gmt":"2025-10-20T09:19:07","slug":"eukalyptushonig-500g-2","status":"publish","type":"product","link":"https:\/\/agropic.it\/de\/produkt\/eukalyptushonig-500g-2\/","title":{"rendered":"Eukalyptushonig 500g"},"content":{"rendered":"<p><strong>Eukalyptushonig 500g<\/strong><\/p>\n<p>Der Eukalyptushonig 500g z\u00e4hlt zu den edelsten Honigsorten. Er hat eine bernsteinfarbene T\u00f6nung sowie einen intensiven, balsamischen Geschmack.<\/p>\n<p>Reich an wertvollen Eigenschaften, wird er besonders zur Bek\u00e4mpfung von Erk\u00e4ltungen und Halsschmerzen konsumiert, eignet sich aber auch bei Verdauungs- oder Harnwegsbeschwerden. Zahlreiche Studien belegen seine stark antioxidative Wirkung, die Zellalterung entgegenwirkt.<\/p>\n<p>Ein wahrer Genuss in Kombination mit frischen und gereiften K\u00e4sesorten, aber auch zu Fisch- und Fleischgerichten. Empfohlen wird der Verzehr aufgel\u00f6st in Tee, Kr\u00e4utertee oder Naturjoghurt.<\/p>\n<p>Der Eukalyptushonig ist ein echtes Naturschatzwerk, das mit Sorgfalt und Leidenschaft in jedem Schritt seiner Herstellung verarbeitet wird \u2013 von der Ernte bis zum Abf\u00fcllprozess, bei dem alle nat\u00fcrlichen Eigenschaften bewahrt werden. Jeder Arbeitsschritt erfolgt handwerklich, um ein authentisches und hochwertiges Produkt zu garantieren, das alle seine einzigartigen und kostbaren Merkmale beh\u00e4lt.<\/p>\n<p>100 % handwerklich hergestellt, sortenrein und nicht pasteurisiert. Sie erhalten ein nat\u00fcrliches und echtes Produkt von pestizidfreien Fl\u00e4chen, die frei von sch\u00e4dlichen Substanzen f\u00fcr Bienen sind.<\/p>\n<p>Eine m\u00f6gliche Kristallisation des Honigs best\u00e4tigt seine Nat\u00fcrlichkeit, da es sich um einen ganz normalen Prozess handelt.<\/p>\n<p><strong>Format:<\/strong>\u00a0500g<\/p>\n<p><strong>LAGERUNG:<\/strong>\u00a0K\u00fchl und trocken lagern, fern von direkter Licht- und W\u00e4rmeeinwirkung.<\/p>\n<p>Familiengef\u00fchrtes Unternehmen mit sorgf\u00e4ltiger Auswahl der besten Rohstoffe, angebaut auf den fruchtbaren B\u00f6den unseres Hofes und verarbeitet nach alter Tradition.<\/p>\n<p>Neben Eukalyptushonig bieten wir eine breite Palette weiterer handwerklich hergestellter Produkte mit unverwechselbarem Geschmack an, wie Fruchts\u00e4fte, Marmeladen und Konfit\u00fcren aus saisonalem Obst, Tomatensaucen, Cremes, Honig und eingelegte Spezialit\u00e4ten in \u00d6l.<\/p>\n<p>Unser Hauptziel ist die Bewahrung und Wertsch\u00e4tzung der Aromen und Fr\u00fcchte Kalabriens, insbesondere der besonderen und weniger bekannten Sorten wie der Bergamotte \u2013 einer Frucht mit vielf\u00e4ltigen gesundheitlichen Vorz\u00fcgen, einzigartig und herb wie die kalabresische Landschaft selbst.<\/p>\n<p>Wir bringen echte, hochwertige Produkte auf den Tisch, die aus einer sorgf\u00e4ltigen und kontrollierten Auswahl der Rohstoffe gewonnen werden \u2013 viele davon in eigenem Anbau und ohne den Einsatz chemischer Substanzen.<\/p>\n<p>Natur, Tradition und h\u00f6chste Qualit\u00e4t \u2013 das sind die Zutaten f\u00fcr den Erfolg von Agro Pic.<\/p>\n<p><strong>Folgen Sie uns auf INSTAGRAM, um alle Neuigkeiten von Agro Pic zu entdecken:<\/strong><br \/>\n<a href=\"https:\/\/www.instagram.com\/agropic\/\" target=\"_blank\" rel=\"noopener noreferrer\">https:\/\/www.instagram.com\/agropic\/<\/a><\/p>\n<p><strong>Bei Fragen zu unseren Produkten z\u00f6gern Sie nicht, uns zu kontaktieren:<\/strong><br \/>\n\ud83d\udcde Handy: 3495651669<br \/>\n\ud83d\udce7 E-Mail:\u00a0<a href=\"https:\/\/mailto:info@agropic.it\/\" target=\"_blank\" rel=\"noopener noreferrer\">info@agropic.it<\/a><br \/>\n\u260e Tel.: 0964 1955229<\/p>\n","protected":false},"excerpt":{"rendered":"<h3><strong>Eukalyptushonig 500g<\/strong><\/h3>\n<p><strong>500-Gramm-Glas<\/strong><\/p>\n<p>Der Eukalyptushonig z\u00e4hlt zu den edelsten Honigsorten. Er hat eine bernsteinfarbene T\u00f6nung sowie einen intensiven, balsamischen Geschmack.<\/p>\n<p>Reich an wertvollen Eigenschaften, wird er besonders zur Bek\u00e4mpfung von Erk\u00e4ltungen und Halsschmerzen verwendet, eignet sich aber auch bei Verdauungs- oder Harnwegsbeschwerden. Zahlreiche Studien belegen seine stark antioxidative Wirkung, die Zellalterung entgegenwirkt.<\/p>\n<p>Ein wahrer Genuss in Kombination mit frischen und gereiften K\u00e4sesorten, aber auch zu Fisch- und Fleischgerichten. Empfohlen wird der Verzehr aufgel\u00f6st in Tee, Kr\u00e4utertee oder Naturjoghurt.<\/p>\n<p><strong>Bestellm\u00f6glichkeiten:<\/strong><br \/>\nSie k\u00f6nnen unsere Produkte direkt \u00fcber diese Website, per E-Mail an\u00a0<strong><a href=\"https:\/\/mailto:info@agropic.it\/\" target=\"_blank\" rel=\"noopener noreferrer\">info@agropic.it<\/a><\/strong>\u00a0oder telefonisch unter\u00a0<strong>349 56 51 669<\/strong>\u00a0erwerben. Nach Zahlungseingang wird Ihre Bestellung innerhalb von\u00a0<strong>72-96 Stunden<\/strong>\u00a0versendet.<\/p>\n<p><strong>Lesen Sie die vollst\u00e4ndige Beschreibung weiter unten!<\/strong>&hellip; <a class=\"kt-excerpt-readmore more-link\" href=\"https:\/\/agropic.it\/de\/produkt\/eukalyptushonig-500g-2\/\" aria-label=\"Eukalyptushonig 500g\">Read More<\/a><\/p>\n","protected":false},"featured_media":7590,"comment_status":"closed","ping_status":"closed","template":"","meta":{"kt_blocks_editor_width":"","_kad_blocks_custom_css":"","_kad_blocks_head_custom_js":"","_kad_blocks_body_custom_js":"","_kad_blocks_footer_custom_js":""},"product_brand":[],"product_cat":[256],"product_tag":[464],"class_list":{"0":"post-12753","1":"product","2":"type-product","3":"status-publish","4":"has-post-thumbnail","6":"product_cat-honig","7":"product_tag-honig-aus-kalabrien","9":"first","10":"instock","11":"shipping-taxable","12":"purchasable","13":"product-type-simple"},"taxonomy_info":{"product_cat":[{"value":256,"label":"Honig"}],"product_tag":[{"value":464,"label":"Honig aus Kalabrien"}]},"featured_image_src_large":["https:\/\/agropic.it\/wp-content\/uploads\/2022\/12\/MIELE-DI-EUCALIPTO-500-g-1-960x960.jpg",960,960,true],"author_info":[],"comment_info":0,"_links":{"self":[{"href":"https:\/\/agropic.it\/de\/wp-json\/wp\/v2\/product\/12753","targetHints":{"allow":["GET"]}}],"collection":[{"href":"https:\/\/agropic.it\/de\/wp-json\/wp\/v2\/product"}],"about":[{"href":"https:\/\/agropic.it\/de\/wp-json\/wp\/v2\/types\/product"}],"replies":[{"embeddable":true,"href":"https:\/\/agropic.it\/de\/wp-json\/wp\/v2\/comments?post=12753"}],"wp:featuredmedia":[{"embeddable":true,"href":"https:\/\/agropic.it\/de\/wp-json\/wp\/v2\/media\/7590"}],"wp:attachment":[{"href":"https:\/\/agropic.it\/de\/wp-json\/wp\/v2\/media?parent=12753"}],"wp:term":[{"taxonomy":"product_brand","embeddable":true,"href":"https:\/\/agropic.it\/de\/wp-json\/wp\/v2\/product_brand?post=12753"},{"taxonomy":"product_cat","embeddable":true,"href":"https:\/\/agropic.it\/de\/wp-json\/wp\/v2\/product_cat?post=12753"},{"taxonomy":"product_tag","embeddable":true,"href":"https:\/\/agropic.it\/de\/wp-json\/wp\/v2\/product_tag?post=12753"}],"curies":[{"name":"wp","href":"https:\/\/api.w.org\/{rel}","templated":true}]}}