{"id":11275,"date":"2018-04-26T18:20:39","date_gmt":"2018-04-26T18:20:39","guid":{"rendered":"https:\/\/agropic.it\/prodotto\/aionios-calabrese-bergamot-und-elicriso-amaro-70cl\/"},"modified":"2025-11-26T16:26:47","modified_gmt":"2025-11-26T16:26:47","slug":"aionios-calabrese-bergamot-und-elicriso-amaro-70cl","status":"publish","type":"product","link":"https:\/\/agropic.it\/de\/produkt\/aionios-calabrese-bergamot-und-elicriso-amaro-70cl\/","title":{"rendered":"AIONIOS CALABRESE BERGAMOT UND ELICRISO AMARO 70cl"},"content":{"rendered":"<h6>Aionios Amaro Calabrese mit Beragmotto und Helichrysum 70cl<\/h6>\n<h6>ZUTATEN:<\/h6>\n<p>AIONIOS amaro zeichnet sich durch seine Mischung aus Zutaten aus, die an die kalabrische Region erinnern.<br \/>\nHelichrysum, das an den H\u00e4ngen des Aspromonte geerntet wird, f\u00fcgt warme, balsamische Noten hinzu, w\u00e4hrend die Bergamotte, die symbolische Frucht der vom Ionischen Meer umsp\u00fclten K\u00fcsten, f\u00fcr zitrische Frische sorgt.<br \/>\nDiese Kombination, angereichert mit Wildkr\u00e4utern, schafft eine einzigartige Balance zwischen dem aromatischen Geschmack der Berge und der Lebendigkeit des Meeres.<\/p>\n<p>28% VOL<\/p>\n<p>Format: 70 cl<\/p>\n<p>Zutaten: Hydrierter Alkohol, karamellisierter Zucker, Helichrysum- und Bergamotte-Aufguss und Kr\u00e4uterextrakte.<\/p>\n<h5>VERARBEITUNG:<\/h5>\n<p>Der Aufguss, durch den ein &#8218;ewiger&#8216; Bitter entsteht, ist ein langsamer und tiefgreifender Prozess, bei dem Kr\u00e4uter, Wurzeln und Gew\u00fcrze wochen- oder monatelang in hochgradigem Alkohol ziehen gelassen werden.<br \/>\nW\u00e4hrend dieser langen Zeit extrahiert der Alkohol geduldig die intensivsten und verborgensten Aromen der Zutaten und schafft so eine einzigartige Komplexit\u00e4t und Balance zwischen bitteren, s\u00fc\u00dfen und aromatischen Noten.<br \/>\nDas Ergebnis ist ein Bitter, der einen unsterblichen Charakter zu haben scheint, da jeder Schluck Schichten von Aromen offenbart, die sich mit der Zeit weiterentwickeln und ein Gef\u00fchl von Ewigkeit am Gaumen vermitteln.<\/p>\n<h5>L&#8217;AMARO ETERNO mit Helichrysum und Bergamotte aus Kalabrien<\/h5>\n<p>AIONIOS ist ein raffinierter und intensiver Bitter, die Frucht eines alten, \u00fcber Generationen weitergegebenen Rezepts, der mit jedem Schluck Emotionen weckt, dank eines anhaltenden Nachgeschmacks, der von Kalabrien spricht. Er zeichnet sich durch sein unverwechselbares aromatisches Profil aus, das durch die harmonische und gekonnte Verschmelzung von Helichrysum und Bergamotte entsteht, die in den felsigen Gebieten von Aspromonte und entlang der K\u00fcste des Ionischen Meeres geerntet werden.<br \/>\nAIONIOS&#8216; bedeutet in der altgriechischen Sprache die Lebenskraft, &#8218;das Ewige&#8216;, wie einer der vielen Namen, die Helichrysum im Volksmund zugeschrieben werden.<\/p>\n<p>Ein Glas dieses Lik\u00f6rs wurde unter besonderen Umst\u00e4nden angeboten und um Momente der Freude und des Gl\u00fccks zu feiern, in der Hoffnung, dass sie ewig andauern w\u00fcrden.<\/p>\n<h6>WER WIR SIND<\/h6>\n<p>Agro Pic ist ein Unternehmen, das handwerklich hergestellte Fruchts\u00e4fte, Marmeladen, Honig, Tomatenp\u00fcree, \u00d6lkonserven und Gew\u00fcrze herstellt. Wir befinden uns in Kalabrien, nur wenige Schritte vom<br \/>\nNationalpark Aspromonte und einige Kilometer vom fantastischen Ionischen Meer entfernt.<br \/>\nUnsere Erfahrung und unsere profunde Kenntnis der lokalen Produkte flie\u00dfen in die kontinuierliche Forschung ein, die uns bei der Auswahl der besten Kr\u00e4uter und Zutaten aus der Region leitet.<br \/>\nUnd so entstehen die authentischen Rezepte, aus denen unser Bitter entsteht, ein Ausdruck der Tradition und der Natur, die uns umgibt.<\/p>\n<p><strong>Familienbetrieb und Auswahl der besten Rohstoffe<\/strong>, die auf dem fruchtbaren Boden des Betriebs angebaut und nach alter Tradition verarbeitet werden.<\/p>\n<p>Neben dem Amaro Aionios bieten wir eine breite Palette von Produkten an, die alle frisch und handwerklich verarbeitet werden und einen unverwechselbaren Geschmack haben, wie z.B. Fruchts\u00e4fte, Konfit\u00fcren und Marmeladen aus Fr\u00fcchten der Saison, Tomatenp\u00fcrees, Cremes, Honig und Konserven in \u00d6l.<\/p>\n<p><strong>Das Hauptziel der Aktivit\u00e4t ist die Aufwertung der Aromen und Fr\u00fcchte Kalabriens, insbesondere derjenigen, die besonders und normalerweise weniger bekannt sind<\/strong>, wie z.B. die Bergamotte, eine Frucht mit zahlreichen positiven Eigenschaften, so einzigartig und sauer wie das gesamte kalabrische Gebiet.<\/p>\n<p>Wir bieten qualitativ hochwertige, unverf\u00e4lschte Produkte aus einer sorgf\u00e4ltigen und kontrollierten Auswahl von Rohstoffen an, von denen viele direkt von uns angebaut und ohne den Einsatz von Chemikalien gewonnen werden.<\/p>\n<p>Natur, Tradition und hohe Qualit\u00e4t sind die Zutaten f\u00fcr den Erfolg von Agro Pic.<\/p>\n<p>Folgen Sie uns auf INSTAGRAM, um alle Neuigkeiten von Agro Pic zu entdecken<\/p>\n<p><a href=\"https:\/\/www.instagram.com\/agropic\/\" target=\"_blank\" rel=\"noopener\">https:\/\/www.instagram.com\/agropic\/<\/a><\/p>\n<p><strong>F\u00fcr weitere Informationen zu unseren Produkten z\u00f6gern Sie bitte nicht, <a href=\"https:\/\/www.agropic.it\/contatti\/\">uns zu kontaktieren:<\/a><\/strong><\/p>\n<p>Zelle. 3495651669<\/p>\n<p>E-Mail Adresse: info@agropic.it<\/p>\n<p>Tel. 0964 1955229<\/p>\n","protected":false},"excerpt":{"rendered":"<h6>Aionios Amaro Calabrese mit Beragmotto und Helichrysum 70cl<\/h6>\n<h6>ZUTATEN:<\/h6>\n<p>AIONIOS amaro zeichnet sich durch seine Mischung aus Zutaten aus, die an die kalabrische Region erinnern.<br \/>\nHelichrysum, das an den H\u00e4ngen des Aspromonte geerntet wird, f\u00fcgt warme, balsamische Noten hinzu, w\u00e4hrend die Bergamotte, die symbolische Frucht der vom Ionischen Meer umsp\u00fclten K\u00fcsten, f\u00fcr zitrische Frische sorgt.<br \/>\nDiese Kombination, angereichert mit Wildkr\u00e4utern, schafft eine einzigartige Balance zwischen dem aromatischen Geschmack der Berge und der Lebendigkeit des Meeres.<\/p>\n<p>28% VOL<\/p>\n<p>Format: 70 cl<\/p>\n<p>Zutaten: Hydrierter Alkohol, karamellisierter Zucker, Helichrysum- und Bergamotte-Aufguss und Kr\u00e4uterextrakte.&hellip; <a class=\"kt-excerpt-readmore more-link\" href=\"https:\/\/agropic.it\/de\/produkt\/aionios-calabrese-bergamot-und-elicriso-amaro-70cl\/\" aria-label=\"AIONIOS CALABRESE BERGAMOT UND ELICRISO AMARO 70cl\">Read More<\/a><\/p>\n","protected":false},"featured_media":10107,"comment_status":"closed","ping_status":"closed","template":"","meta":{"kt_blocks_editor_width":"","_kad_blocks_custom_css":"","_kad_blocks_head_custom_js":"","_kad_blocks_body_custom_js":"","_kad_blocks_footer_custom_js":""},"product_brand":[],"product_cat":[319],"product_tag":[],"class_list":{"0":"post-11275","1":"product","2":"type-product","3":"status-publish","4":"has-post-thumbnail","6":"product_cat-bergamotte-saft","8":"first","9":"instock","10":"shipping-taxable","11":"purchasable","12":"product-type-simple"},"taxonomy_info":{"product_cat":[{"value":319,"label":"Bergamotte-Saft"}]},"featured_image_src_large":["https:\/\/agropic.it\/wp-content\/uploads\/2018\/04\/Progetto-senza-titolo-1-960x960.jpg",960,960,true],"author_info":[],"comment_info":0,"_links":{"self":[{"href":"https:\/\/agropic.it\/de\/wp-json\/wp\/v2\/product\/11275","targetHints":{"allow":["GET"]}}],"collection":[{"href":"https:\/\/agropic.it\/de\/wp-json\/wp\/v2\/product"}],"about":[{"href":"https:\/\/agropic.it\/de\/wp-json\/wp\/v2\/types\/product"}],"replies":[{"embeddable":true,"href":"https:\/\/agropic.it\/de\/wp-json\/wp\/v2\/comments?post=11275"}],"wp:featuredmedia":[{"embeddable":true,"href":"https:\/\/agropic.it\/de\/wp-json\/wp\/v2\/media\/10107"}],"wp:attachment":[{"href":"https:\/\/agropic.it\/de\/wp-json\/wp\/v2\/media?parent=11275"}],"wp:term":[{"taxonomy":"product_brand","embeddable":true,"href":"https:\/\/agropic.it\/de\/wp-json\/wp\/v2\/product_brand?post=11275"},{"taxonomy":"product_cat","embeddable":true,"href":"https:\/\/agropic.it\/de\/wp-json\/wp\/v2\/product_cat?post=11275"},{"taxonomy":"product_tag","embeddable":true,"href":"https:\/\/agropic.it\/de\/wp-json\/wp\/v2\/product_tag?post=11275"}],"curies":[{"name":"wp","href":"https:\/\/api.w.org\/{rel}","templated":true}]}}