{"id":11268,"date":"2021-05-26T15:06:40","date_gmt":"2021-05-26T15:06:40","guid":{"rendered":"https:\/\/agropic.it\/prodotto\/wilde-artischockenherzen-in-oel-180g\/"},"modified":"2025-07-16T08:17:30","modified_gmt":"2025-07-16T08:17:30","slug":"wilde-artischockenherzen-in-oel-180g","status":"publish","type":"product","link":"https:\/\/agropic.it\/de\/produkt\/wilde-artischockenherzen-in-oel-180g\/","title":{"rendered":"Wilde Artischockenherzen in \u00d6l 180g"},"content":{"rendered":"<h6>Wilde Artischockenherzen in \u00d6l<\/h6>\n<h6>K\u00f6stliche Konfit\u00fcren in \u00d6l, die von Agro Pic handwerklich und km 0 aus wilden Artischocken hergestellt werden, die an den H\u00e4ngen des Aspromonte wild wachsen, von Hand gepfl\u00fcckt und gesch\u00e4lt und dann nach dem traditionellen kalabrischen Rezept verarbeitet werden.<\/h6>\n<h6>Wilde Artischockenherzen in \u00d6l werden haupts\u00e4chlich als Vorspeise gegessen, eignen sich aber auch hervorragend zum F\u00fcllen von Sandwiches und in Salaten. Probieren Sie sie auch als Beilage zu Fisch- und Fleischgerichten.<\/h6>\n<p><strong>Format:<\/strong>180g<\/p>\n<p><strong>Zutaten:<\/strong> Wilde Artischockenherzen 50%, Sonnenblumenkern\u00f6l, natives Oliven\u00f6l extra, Zitronensaft, Weinessig, Salz, Knoblauch, Lorbeerblatt, Minze, Oregano.<\/p>\n<h6>Wilde Artischocken sind au\u00dferdem reich an Ballaststoffen und n\u00fctzlichen Eigenschaften!<\/h6>\n<p><strong>N\u00e4hrwertangaben pro 100 g Produkt:<\/strong><\/p>\n<ul>\n<li>Energie 288 Kcal \/ 1205 Kj<\/li>\n<li>Eiwei\u00df 1.7g<\/li>\n<li>Lipide 29g<\/li>\n<li>davon ges\u00e4ttigt 5.9g<\/li>\n<li>Kohlenhydrate 1.8g<\/li>\n<li>davon Zucker 1.5g<\/li>\n<li>Salz 1.8g<\/li>\n<\/ul>\n<p>Lagern Sie es an einem k\u00fchlen, trockenen Ort, fern von direktem Licht und W\u00e4rmequellen.<\/p>\n<p><strong>Familienbetrieb und Auswahl der besten Rohstoffe<\/strong>, die auf dem fruchtbaren Boden des Betriebs angebaut und nach alter Tradition verarbeitet werden.<\/p>\n<p>Neben den wilden Artischockenherzen in \u00d6l bieten wir eine breite Palette von Produkten an, die alle nach frischen, handwerklichen Methoden verarbeitet werden und einen unverwechselbaren Geschmack haben, wie z.B. Fruchts\u00e4fte, Konfit\u00fcren und Marmeladen aus Fr\u00fcchten der Saison, Tomatenp\u00fcrees, Cremes, Honig und Konserven in \u00d6l.<\/p>\n<p><strong>Das Hauptziel der Aktivit\u00e4t ist die Aufwertung der Aromen und Fr\u00fcchte Kalabriens, insbesondere derjenigen, die besonders und normalerweise weniger bekannt sind<\/strong>, wie z.B. die Bergamotte, eine Frucht mit zahlreichen positiven Eigenschaften, so einzigartig und sauer wie das gesamte kalabrische Gebiet.<\/p>\n<p>Wir bieten qualitativ hochwertige, unverf\u00e4lschte Produkte aus einer sorgf\u00e4ltigen und kontrollierten Auswahl von Rohstoffen an, von denen viele direkt von uns angebaut und ohne den Einsatz von Chemikalien gewonnen werden.<\/p>\n<p>Natur, Tradition und hohe Qualit\u00e4t sind die Zutaten f\u00fcr den Erfolg von Agro Pic.<\/p>\n<p>Folgen Sie uns auf INSTAGRAM, um alle Neuigkeiten von Agro Pic zu entdecken<\/p>\n<p><a href=\"https:\/\/www.instagram.com\/agropic\/\" target=\"_blank\" rel=\"noopener\">https:\/\/www.instagram.com\/agropic\/<\/a><\/p>\n<p><strong>F\u00fcr weitere Informationen zu unseren Produkten z\u00f6gern Sie bitte nicht, <a href=\"https:\/\/www.agropic.it\/contatti\/\">uns zu kontaktieren:<\/a><\/strong><\/p>\n<p>Zelle. 3495651669<\/p>\n<p>E-Mail Adresse: info@agropic.it<\/p>\n<p>Tel. 0964 1955229<\/p>\n","protected":false},"excerpt":{"rendered":"<p><strong>K\u00f6stliche Konfit\u00fcre in \u00d6l, die von Agro Pic handwerklich und km 0 aus wilden Artischocken hergestellt wird, die an den H\u00e4ngen des Aspromonte wild wachsen und von Hand gepfl\u00fcckt und gesch\u00e4lt werden. <\/strong><\/p>\n<p><strong>Format:<\/strong> 180g<\/p>\n<p><strong>Zutaten: <\/strong>Wilde Artischockenherzen 50%, Sonnenblumenkern\u00f6l, natives Oliven\u00f6l extra, Zitronensaft, Weinessig, Salz, Knoblauch, Lorbeerblatt, Minze, Oregano.<\/p>\n<p>Lesen Sie die vollst\u00e4ndige Produktbeschreibung unten!<\/p>\n<p><strong>Kaufen Sie jetzt und Sie erhalten es in 48\/72 Stunden zu Ihnen nach Hause!<\/strong>&hellip; <a class=\"kt-excerpt-readmore more-link\" href=\"https:\/\/agropic.it\/de\/produkt\/wilde-artischockenherzen-in-oel-180g\/\" aria-label=\"Wilde Artischockenherzen in \u00d6l 180g\">Read More<\/a><\/p>\n","protected":false},"featured_media":7580,"comment_status":"closed","ping_status":"closed","template":"","meta":{"kt_blocks_editor_width":"","_kad_blocks_custom_css":"","_kad_blocks_head_custom_js":"","_kad_blocks_body_custom_js":"","_kad_blocks_footer_custom_js":""},"product_brand":[],"product_cat":[267],"product_tag":[1055,1056,1057,1058,1054],"class_list":{"0":"post-11268","1":"product","2":"type-product","3":"status-publish","4":"has-post-thumbnail","6":"product_cat-konserven-in-ol-und-sus-sauer","7":"product_tag-artischocken-in-oel","8":"product_tag-artischockenherzen-in-oel","9":"product_tag-wilde-artischocken","10":"product_tag-wilde-artischocken-in-oel","11":"product_tag-zinurra-de","13":"first","14":"instock","15":"shipping-taxable","16":"purchasable","17":"product-type-simple"},"taxonomy_info":{"product_cat":[{"value":267,"label":"Konserven in \u00d6l und s\u00fc\u00df-sauer"}],"product_tag":[{"value":1055,"label":"Artischocken in \u00d6l"},{"value":1056,"label":"Artischockenherzen in \u00d6l"},{"value":1057,"label":"Wilde Artischocken"},{"value":1058,"label":"Wilde Artischocken in \u00d6l"},{"value":1054,"label":"zinurra"}]},"featured_image_src_large":["https:\/\/agropic.it\/wp-content\/uploads\/2022\/12\/cuori-di-carciofini-selvatici-sottolio-1-960x960.jpg",960,960,true],"author_info":[],"comment_info":0,"_links":{"self":[{"href":"https:\/\/agropic.it\/de\/wp-json\/wp\/v2\/product\/11268","targetHints":{"allow":["GET"]}}],"collection":[{"href":"https:\/\/agropic.it\/de\/wp-json\/wp\/v2\/product"}],"about":[{"href":"https:\/\/agropic.it\/de\/wp-json\/wp\/v2\/types\/product"}],"replies":[{"embeddable":true,"href":"https:\/\/agropic.it\/de\/wp-json\/wp\/v2\/comments?post=11268"}],"wp:featuredmedia":[{"embeddable":true,"href":"https:\/\/agropic.it\/de\/wp-json\/wp\/v2\/media\/7580"}],"wp:attachment":[{"href":"https:\/\/agropic.it\/de\/wp-json\/wp\/v2\/media?parent=11268"}],"wp:term":[{"taxonomy":"product_brand","embeddable":true,"href":"https:\/\/agropic.it\/de\/wp-json\/wp\/v2\/product_brand?post=11268"},{"taxonomy":"product_cat","embeddable":true,"href":"https:\/\/agropic.it\/de\/wp-json\/wp\/v2\/product_cat?post=11268"},{"taxonomy":"product_tag","embeddable":true,"href":"https:\/\/agropic.it\/de\/wp-json\/wp\/v2\/product_tag?post=11268"}],"curies":[{"name":"wp","href":"https:\/\/api.w.org\/{rel}","templated":true}]}}