{"id":11263,"date":"2024-01-20T13:43:29","date_gmt":"2024-01-20T13:43:29","guid":{"rendered":"https:\/\/agropic.it\/prodotto\/marmelade-aus-orange-und-dunkler-schokolade-220g\/"},"modified":"2025-07-15T08:50:49","modified_gmt":"2025-07-15T08:50:49","slug":"marmelade-aus-orange-und-dunkler-schokolade-220g","status":"publish","type":"product","link":"https:\/\/agropic.it\/de\/produkt\/marmelade-aus-orange-und-dunkler-schokolade-220g\/","title":{"rendered":"Orangen- und Bitterschokoladenmarmelade 220g"},"content":{"rendered":"<h6>Orangen- und Bitterschokoladenmarmelade<\/h6>\n<h6>Orangen- und Bitterschokoladenmarmelade ist eine k\u00f6stliche Geschmackskombination, die das Zitrusaroma von Orangen mit dem Reichtum und der Tiefe von Bitterschokolade verbindet.<\/h6>\n<p>Der Geschmack ist eine perfekte Balance zwischen der S\u00fc\u00dfe der Orangen und der komplexen Intensit\u00e4t der dunklen Schokolade. Die Orangen steuern ihre Frische und S\u00e4ure bei, w\u00e4hrend die dunkle Schokolade einen cremigen Reichtum und einen leicht bitteren Nachgeschmack beisteuert. Diese Kombination schafft ein raffiniertes und befriedigendes Geschmackserlebnis.<\/p>\n<div class=\"group\/conversation-turn relative flex w-full min-w-0 flex-col agent-turn\">\n<div class=\"flex-col gap-1 md:gap-3\">\n<div class=\"flex max-w-full flex-col flex-grow\">\n<div class=\"min-h-8 text-message flex w-full flex-col items-end gap-2 whitespace-normal break-words text-start [.text-message+&amp;]:mt-5\" dir=\"auto\" data-message-author-role=\"assistant\" data-message-id=\"fc6de168-253f-42ce-9c55-b8576c8c46a1\" data-message-model-slug=\"gpt-4o-mini\">\n<div class=\"flex w-full flex-col gap-1 empty:hidden first:pt-[3px]\">\n<div class=\"markdown prose w-full break-words dark:prose-invert light\">\n<p>Orangen- und Zartbitterschokoladenmarmelade ist eine k\u00f6stliche Kombination, mit der Sie Ihre Zubereitungen auf vielf\u00e4ltige Weise bereichern k\u00f6nnen. Hier sind einige Ideen, wie Sie sie verwenden k\u00f6nnen:<\/p>\n<p>1. <strong>Auf Toast oder Zwieback<\/strong><\/p>\n<p>Ein Klassiker, der Sie nie entt\u00e4uscht! Streichen Sie die Marmelade auf eine Scheibe Toast oder auf Zwieback f\u00fcr ein reichhaltiges und leckeres Fr\u00fchst\u00fcck. Der Kontrast zwischen der S\u00fc\u00dfe der Orange und der Intensit\u00e4t der dunklen Schokolade ist perfekt.2. <strong>In Kombination mit K\u00e4se<\/strong><\/p>\n<p>Orangen- und Schokoladenmarmelade passt sehr gut zu reifen K\u00e4sesorten wie Pecorino, Parmesan oder auch zu weicheren K\u00e4sesorten wie Ziegenk\u00e4se. Sie kann als Topping f\u00fcr eine K\u00e4severkostung verwendet werden und verleiht ihr eine s\u00fc\u00dfe Note und ein wenig Originalit\u00e4t.<\/p>\n<p>3. <strong>Als F\u00fcllung f\u00fcr Torten<\/strong><\/p>\n<p>Sie k\u00f6nnen Marmelade als F\u00fcllung f\u00fcr Kekse, Torten oder Kuchen verwenden. Bereiten Sie zum Beispiel einen M\u00fcrbeteig zu, f\u00fcllen Sie ihn mit Marmelade und backen Sie ihn dann im Ofen. Die Kombination aus Zartbitterschokolade und Orange wird das Dessert unwiderstehlich machen.<\/p>\n<p>4. <strong>In Eiscreme oder Sorbets<\/strong><\/p>\n<p>Orangen- und Zartbitterschokoladenmarmelade eignet sich hervorragend als Topping f\u00fcr Eiscreme oder Sorbets. Oder gemischt mit Vanille- oder Schokoladeneis ergibt sie ein originelles und erfrischendes Dessert.<\/p>\n<p>5. <strong>In Pfannkuchen oder Waffeln<\/strong><\/p>\n<p>Verwenden Sie Marmelade als Topping f\u00fcr Pfannkuchen oder Waffeln. F\u00fcgen Sie auch etwas Schlagsahne oder Joghurt f\u00fcr ein reichhaltigeres Dessert oder Fr\u00fchst\u00fcck hinzu.<\/p>\n<\/div>\n<\/div>\n<\/div>\n<\/div>\n<\/div>\n<\/div>\n<p>Eine k\u00f6stliche Kreation, die auch die anspruchsvollsten Gaumen zufriedenstellt und mit jedem L\u00f6ffel eine Symphonie der Aromen bietet.<\/p>\n<p><strong>Zutaten:<\/strong> Orangen 68%, Zucker, dunkle Schokolade 3% (Zucker, Kakaomasse, Kakaobutter, Emulgator: Sojalecithin*, Aroma), Verdickungsmittel: Pektin. ALLERGIEN: Produkte mit *<\/p>\n<p>Ohne Konservierungsstoffe<\/p>\n<p><strong>Format:<\/strong> 220g<\/p>\n<p><strong>Herkunft Orangen:<\/strong> Italien (Kalabrien)<\/p>\n<p><strong>Lagerung: <\/strong>An einem k\u00fchlen, trockenen Ort, fern von W\u00e4rme- und Lichtquellen aufbewahren. Nach dem \u00d6ffnen im K\u00fchlschrank aufbewahren und innerhalb von ein paar Tagen verbrauchen.<\/p>\n<p><strong>Familienbetrieb und Auswahl der besten Rohstoffe<\/strong>, die auf dem fruchtbaren Boden des Betriebs angebaut und nach alter Tradition verarbeitet werden.<\/p>\n<p>Neben Orangenmarmelade und Zartbitterschokolade bieten wir eine breite Palette von Produkten an, die alle frisch und handwerklich verarbeitet werden und einen unverwechselbaren Geschmack haben, wie z.B. Fruchts\u00e4fte, Konfit\u00fcren und Marmeladen aus Fr\u00fcchten der Saison, Tomatenp\u00fcrees, Cremes, Honig und Konfit\u00fcren in \u00d6l.<\/p>\n<p><strong>Das Hauptziel der Aktivit\u00e4t ist die Aufwertung der Aromen und Fr\u00fcchte Kalabriens, insbesondere derjenigen, die besonders und normalerweise weniger bekannt sind<\/strong>, wie z.B. die Bergamotte, eine Frucht mit zahlreichen positiven Eigenschaften, so einzigartig und sauer wie das gesamte kalabrische Gebiet.<\/p>\n<p>Wir bieten qualitativ hochwertige, unverf\u00e4lschte Produkte aus einer sorgf\u00e4ltigen und kontrollierten Auswahl von Rohstoffen an, von denen viele direkt von uns angebaut und ohne den Einsatz von Chemikalien gewonnen werden.<\/p>\n<p>Natur, Tradition und hohe Qualit\u00e4t sind die Zutaten f\u00fcr den Erfolg von Agro Pic.<\/p>\n<p>Folgen Sie uns auf INSTAGRAM, um alle Neuigkeiten von Agro Pic zu entdecken<\/p>\n<p><a href=\"https:\/\/www.instagram.com\/agropic\/\" target=\"_blank\" rel=\"noopener\">https:\/\/www.instagram.com\/agropic\/<\/a><\/p>\n<p><strong>F\u00fcr weitere Informationen zu unseren Produkten z\u00f6gern Sie bitte nicht, <a href=\"https:\/\/www.agropic.it\/contatti\/\">uns zu kontaktieren:<\/a><\/strong><\/p>\n<p>Zelle. 3495651669<\/p>\n<p>E-Mail Adresse: info@agropic.it<\/p>\n<p>Tel. 0964 1955229<\/p>\n","protected":false},"excerpt":{"rendered":"<p>Orangen- und Bitterschokoladenmarmelade ist eine k\u00f6stliche Geschmackskombination, die das Zitrusaroma von Orangen mit dem Reichtum und der Tiefe von Bitterschokolade verbindet.<\/p>\n<p>Er ist ideal zum Bestreichen von Toastscheiben, Croissants oder als F\u00fcllung f\u00fcr Kuchen und Torten. Er kann auch mit Hartk\u00e4se kombiniert werden, um eine einzigartige Geschmackskombination zu schaffen.<\/p>\n<p><strong>Zutaten:<\/strong> Orangen 68%, Zucker, dunkle Schokolade 3% (Zucker, Kakaomasse, Kakaobutter, Emulgator: Sojalecithin*, Aroma), Verdickungsmittel: Pektin. ALLERGIEN: Produkte mit *<\/p>\n<p><strong>Herkunft Orangen:<\/strong> Italien (Kalabrien) <strong>Format:<\/strong> 220g<\/p>\n<p>Lesen Sie die vollst\u00e4ndige Produktbeschreibung unten.<\/p>\n<p>&nbsp;<\/p>\n<p><strong>Kaufen Sie jetzt und erhalten Sie es in 4-5 Tagen bei Ihnen zu Hause.<\/strong>&hellip; <a class=\"kt-excerpt-readmore more-link\" href=\"https:\/\/agropic.it\/de\/produkt\/marmelade-aus-orange-und-dunkler-schokolade-220g\/\" aria-label=\"Orangen- und Bitterschokoladenmarmelade 220g\">Read More<\/a><\/p>\n","protected":false},"featured_media":8201,"comment_status":"closed","ping_status":"closed","template":"","meta":{"kt_blocks_editor_width":"","_kad_blocks_custom_css":"","_kad_blocks_head_custom_js":"","_kad_blocks_body_custom_js":"","_kad_blocks_footer_custom_js":""},"product_brand":[],"product_cat":[264],"product_tag":[1034,1035],"class_list":{"0":"post-11263","1":"product","2":"type-product","3":"status-publish","4":"has-post-thumbnail","6":"product_cat-konfituren-und-marmeladen","7":"product_tag-orangen-und-schokoladenmarmelade","8":"product_tag-schokoladenmarmelade","10":"first","11":"instock","12":"shipping-taxable","13":"purchasable","14":"product-type-simple"},"taxonomy_info":{"product_cat":[{"value":264,"label":"Konfit\u00fcren und Marmeladen"}],"product_tag":[{"value":1034,"label":"Orangen- und Schokoladenmarmelade"},{"value":1035,"label":"Schokoladenmarmelade"}]},"featured_image_src_large":["https:\/\/agropic.it\/wp-content\/uploads\/2024\/01\/Marmellata-di-arance-e-cioccolato-fondente-960x960.jpg",960,960,true],"author_info":[],"comment_info":0,"_links":{"self":[{"href":"https:\/\/agropic.it\/de\/wp-json\/wp\/v2\/product\/11263","targetHints":{"allow":["GET"]}}],"collection":[{"href":"https:\/\/agropic.it\/de\/wp-json\/wp\/v2\/product"}],"about":[{"href":"https:\/\/agropic.it\/de\/wp-json\/wp\/v2\/types\/product"}],"replies":[{"embeddable":true,"href":"https:\/\/agropic.it\/de\/wp-json\/wp\/v2\/comments?post=11263"}],"wp:featuredmedia":[{"embeddable":true,"href":"https:\/\/agropic.it\/de\/wp-json\/wp\/v2\/media\/8201"}],"wp:attachment":[{"href":"https:\/\/agropic.it\/de\/wp-json\/wp\/v2\/media?parent=11263"}],"wp:term":[{"taxonomy":"product_brand","embeddable":true,"href":"https:\/\/agropic.it\/de\/wp-json\/wp\/v2\/product_brand?post=11263"},{"taxonomy":"product_cat","embeddable":true,"href":"https:\/\/agropic.it\/de\/wp-json\/wp\/v2\/product_cat?post=11263"},{"taxonomy":"product_tag","embeddable":true,"href":"https:\/\/agropic.it\/de\/wp-json\/wp\/v2\/product_tag?post=11263"}],"curies":[{"name":"wp","href":"https:\/\/api.w.org\/{rel}","templated":true}]}}