{"id":11261,"date":"2024-01-19T14:33:26","date_gmt":"2024-01-19T14:33:26","guid":{"rendered":"https:\/\/agropic.it\/prodotto\/mandelhonig-mandormiele-250g\/"},"modified":"2025-07-16T07:41:20","modified_gmt":"2025-07-16T07:41:20","slug":"mandelhonig-mandormiele-250g","status":"publish","type":"product","link":"https:\/\/agropic.it\/de\/produkt\/mandelhonig-mandormiele-250g\/","title":{"rendered":"Mandelhonig &#8211; MANDELHONIG 250g"},"content":{"rendered":"<h6>Mandelhonig ist eine unwiderstehliche Kombination, die die nat\u00fcrliche S\u00fc\u00dfe von Honig mit dem umh\u00fcllenden Duft und dem delikaten Geschmack von Mandeln verbindet. Seine Textur ist weich und seidig, w\u00e4hrend sich der zarte Duft von Mandeln einladend ausbreitet, sobald das Glas ge\u00f6ffnet wird.<\/h6>\n<h6>Dieser aromatische Honig eignet sich perfekt zum Bestreichen von Toast, als Zusatz zu Joghurt oder M\u00fcsli f\u00fcr ein feines Fr\u00fchst\u00fcck oder als Zutat f\u00fcr Kuchen und Desserts. Durch seine Vielseitigkeit eignet er sich auch hervorragend als Begleiter von Hartk\u00e4se oder als geheime Zutat in Saucen und Marinaden.<\/h6>\n<p><strong>Zutaten: <\/strong>Honig aus Sulla 99% und Mandelaroma 1%.<\/p>\n<p><strong>Herkunft Honig:<\/strong> Italien<\/p>\n<p><strong>Format:<\/strong> 250g<\/p>\n<p>Die m\u00f6gliche Verfestigung des Honigs garantiert die Unverf\u00e4lschtheit des Produkts, da es sich um einen nat\u00fcrlichen Prozess handelt.<\/p>\n<p><strong>Lagerung:<\/strong> K\u00fchl, trocken, vor direktem Licht und W\u00e4rmequellen gesch\u00fctzt lagern.<\/p>\n<p><strong>N\u00e4hrwertangaben pro 100 g Produkt:<\/strong><\/p>\n<ul>\n<li>Energie 304 kcal 1270 kj<\/li>\n<li>Eiwei\u00df 0,4 g<\/li>\n<li>Lipide 0 g<\/li>\n<li>davon ges\u00e4ttigt 0 g<\/li>\n<li>Kohlenhydrate 80.3 g<\/li>\n<li>davon Zucker 80.3 g<\/li>\n<li>Salz 10 g<\/li>\n<\/ul>\n<p>Wildbl\u00fctenhonig ist reich an N\u00e4hrstoffen und ist ein nat\u00fcrliches S\u00fc\u00dfungsmittel und Energiespender. Er eignet sich hervorragend zur Linderung von Husten und Erk\u00e4ltungen in den Wintermonaten und zur Bek\u00e4mpfung von saisonalen Allergien. Er wird auch zur Reinigung der Leber und zur Verbesserung der Funktion des Verdauungssystems verwendet und ist der perfekte Verb\u00fcndete f\u00fcr die Haar- und Hautpflege.<\/p>\n<p>Agro Pic Wildbl\u00fctenhonig wird keiner industriellen Verarbeitung unterzogen, um alle seine heilenden Eigenschaften zu bewahren.<\/p>\n<p><span style=\"font-family: inherit; font-size: 16px;\">Millefiori-Honig ist ein authentischer Schatz der Natur, der in jeder Phase seines Herstellungsprozesses mit Sorgfalt und Leidenschaft verarbeitet wird, von der Ernte \u00fcber die Honiggewinnung, die sorgf\u00e4ltig erfolgt, um alle seine nat\u00fcrlichen Eigenschaften zu erhalten, bis hin zur Verpackung. Jeder Schritt wird von Hand ausgef\u00fchrt und garantiert ein echtes, hochwertiges Produkt, reich an allen Eigenschaften, die es einzigartig und wertvoll machen.<br \/>\n100% handgemachtes, monoflorales und nicht pasteurisiertes Produkt. Sie erhalten ein nat\u00fcrliches und authentisches Produkt f\u00fcr Ihr Zuhause, das aus B\u00f6den stammt, die frei von Pestiziden und bienensch\u00e4dlichen Substanzen sind. <\/span><\/p>\n<p><strong>Familienbetrieb und Auswahl der besten Rohstoffe<\/strong>, die auf dem fruchtbaren Boden des Betriebs angebaut und nach alter Tradition verarbeitet werden.<\/p>\n<p>Neben dem Mandelhonig bieten wir eine breite Palette von Produkten an, die alle frisch und handwerklich verarbeitet werden und einen unverwechselbaren Geschmack haben, wie z.B. Fruchts\u00e4fte, Konfit\u00fcren und Marmeladen aus Fr\u00fcchten der Saison, Tomatenp\u00fcrees, Cremes, Honig und Konfit\u00fcren in \u00d6l.<\/p>\n<p><strong>Das Hauptziel der Aktivit\u00e4t ist die Aufwertung der Aromen und Fr\u00fcchte Kalabriens, insbesondere derjenigen, die besonders und normalerweise weniger bekannt sind<\/strong>, wie z.B. die Bergamotte, eine Frucht mit zahlreichen positiven Eigenschaften, so einzigartig und sauer wie das gesamte kalabrische Gebiet.<\/p>\n<p>Wir bieten qualitativ hochwertige, unverf\u00e4lschte Produkte aus einer sorgf\u00e4ltigen und kontrollierten Auswahl von Rohstoffen an, von denen viele direkt von uns angebaut und ohne den Einsatz von Chemikalien gewonnen werden.<\/p>\n<p>Natur, Tradition und hohe Qualit\u00e4t sind die Zutaten f\u00fcr den Erfolg von Agro Pic.<\/p>\n<p>Folgen Sie uns auf INSTAGRAM, um alle Neuigkeiten von Agro Pic zu entdecken<\/p>\n<p><a href=\"https:\/\/www.instagram.com\/agropic\/\" target=\"_blank\" rel=\"noopener\">https:\/\/www.instagram.com\/agropic\/<\/a><\/p>\n<p><strong>F\u00fcr weitere Informationen zu unseren Produkten z\u00f6gern Sie bitte nicht, <a href=\"https:\/\/www.agropic.it\/contatti\/\">uns zu kontaktieren:<\/a><\/strong><\/p>\n<p>Zelle. 3495651669<\/p>\n<p>E-Mail Adresse: info@agropic.it<\/p>\n<p>Tel. 0964 1955229<\/p>\n","protected":false},"excerpt":{"rendered":"<h6>Mandelhonig ist eine unwiderstehliche Kombination, die die nat\u00fcrliche S\u00fc\u00dfe von Honig mit dem umh\u00fcllenden Duft und dem delikaten Geschmack von Mandeln verbindet. Seine Textur ist weich und seidig, w\u00e4hrend sich der zarte Duft von Mandeln einladend ausbreitet, sobald das Glas ge\u00f6ffnet wird.<\/h6>\n<p>Dieser aromatische Honig eignet sich perfekt zum Bestreichen von Toast, als Zusatz zu Joghurt oder M\u00fcsli f\u00fcr ein feines Fr\u00fchst\u00fcck oder als Zutat f\u00fcr Kuchen und Desserts. Durch seine Vielseitigkeit eignet er sich auch hervorragend als Begleiter von Hartk\u00e4se oder als geheime Zutat in Saucen und Marinaden.<\/p>\n<p><strong>Zutaten: Honig aus Sulla 99% und Mandelaroma 1%.<\/strong><\/p>\n<p><strong>Herkunft Honig:<\/strong> Italien<\/p>\n<p><strong>Format:<\/strong> 250g<\/p>\n<p>Lesen Sie die vollst\u00e4ndige Beschreibung unten<\/p>\n<p>&nbsp;<\/p>\n<p><strong>Kaufen Sie jetzt und erhalten Sie es in 4-5 Tagen direkt zu Ihnen nach Hause.<\/strong><\/p>\n<p>&nbsp;&hellip; <a class=\"kt-excerpt-readmore more-link\" href=\"https:\/\/agropic.it\/de\/produkt\/mandelhonig-mandormiele-250g\/\" aria-label=\"Mandelhonig &#8211; MANDELHONIG 250g\">Read More<\/a><\/p>\n","protected":false},"featured_media":8206,"comment_status":"closed","ping_status":"closed","template":"","meta":{"kt_blocks_editor_width":"","_kad_blocks_custom_css":"","_kad_blocks_head_custom_js":"","_kad_blocks_body_custom_js":"","_kad_blocks_footer_custom_js":""},"product_brand":[],"product_cat":[256],"product_tag":[1027,1023,1025,1022,1024,1026],"class_list":{"0":"post-11261","1":"product","2":"type-product","3":"status-publish","4":"has-post-thumbnail","6":"product_cat-honig","7":"product_tag-honig-mit-mandelgeschmack","8":"product_tag-honig-und-mandeln","9":"product_tag-honig-und-mandelspezialitaeten","10":"product_tag-mandelhonig","11":"product_tag-mandeln-und-honig","12":"product_tag-mandormiele-de","14":"first","15":"instock","16":"shipping-taxable","17":"purchasable","18":"product-type-simple"},"taxonomy_info":{"product_cat":[{"value":256,"label":"Honig"}],"product_tag":[{"value":1027,"label":"Honig mit Mandelgeschmack"},{"value":1023,"label":"Honig und Mandeln"},{"value":1025,"label":"Honig- und Mandelspezialit\u00e4ten"},{"value":1022,"label":"Mandelhonig"},{"value":1024,"label":"Mandeln und Honig"},{"value":1026,"label":"mandormiele"}]},"featured_image_src_large":["https:\/\/agropic.it\/wp-content\/uploads\/2024\/01\/Mandormiele-miele-alla-mandorla-960x960.jpg",960,960,true],"author_info":[],"comment_info":0,"_links":{"self":[{"href":"https:\/\/agropic.it\/de\/wp-json\/wp\/v2\/product\/11261","targetHints":{"allow":["GET"]}}],"collection":[{"href":"https:\/\/agropic.it\/de\/wp-json\/wp\/v2\/product"}],"about":[{"href":"https:\/\/agropic.it\/de\/wp-json\/wp\/v2\/types\/product"}],"replies":[{"embeddable":true,"href":"https:\/\/agropic.it\/de\/wp-json\/wp\/v2\/comments?post=11261"}],"wp:featuredmedia":[{"embeddable":true,"href":"https:\/\/agropic.it\/de\/wp-json\/wp\/v2\/media\/8206"}],"wp:attachment":[{"href":"https:\/\/agropic.it\/de\/wp-json\/wp\/v2\/media?parent=11261"}],"wp:term":[{"taxonomy":"product_brand","embeddable":true,"href":"https:\/\/agropic.it\/de\/wp-json\/wp\/v2\/product_brand?post=11261"},{"taxonomy":"product_cat","embeddable":true,"href":"https:\/\/agropic.it\/de\/wp-json\/wp\/v2\/product_cat?post=11261"},{"taxonomy":"product_tag","embeddable":true,"href":"https:\/\/agropic.it\/de\/wp-json\/wp\/v2\/product_tag?post=11261"}],"curies":[{"name":"wp","href":"https:\/\/api.w.org\/{rel}","templated":true}]}}