{"id":11255,"date":"2024-01-18T10:32:50","date_gmt":"2024-01-18T10:32:50","guid":{"rendered":"https:\/\/agropic.it\/prodotto\/kastanienhonig-250-g\/"},"modified":"2025-07-16T07:42:34","modified_gmt":"2025-07-16T07:42:34","slug":"kastanienhonig-250-g","status":"publish","type":"product","link":"https:\/\/agropic.it\/de\/produkt\/kastanienhonig-250-g\/","title":{"rendered":"Kastanienhonig 250 g"},"content":{"rendered":"<p><span style=\"font-family: inherit; font-size: 16px; font-weight: bold;\">Kastanienhonig ist einer der feinsten Honigsorten. Er hat eine dunkle Farbe und einen intensiven, balsamischen Geschmack.<br \/>\n<\/span><\/p>\n<p><strong>Kastanienhonig<\/strong> ist ein einbl\u00fctiger Honig, der f\u00fcr seinen unverwechselbaren Geschmack, seine wohltuenden Eigenschaften und seine vielseitige Verwendung in der K\u00fcche und der Naturmedizin bekannt ist. Empfohlen f\u00fcr diejenigen, die nicht sehr s\u00fc\u00dfen Honig m\u00f6gen und einen <strong>kr\u00e4ftigeren Geschmack<\/strong> bevorzugen.<\/p>\n<p><span style=\"font-family: inherit; font-size: 16px;\">Kastanienhonig ist ein echter Schatz der Natur, der in jeder Phase seines Herstellungsprozesses mit Sorgfalt und Leidenschaft verarbeitet wird, von der Ernte \u00fcber die Honiggewinnung, die sorgf\u00e4ltig erfolgt, um alle seine nat\u00fcrlichen Eigenschaften zu erhalten, bis hin zur Verpackung. Jeder Schritt wird von Hand ausgef\u00fchrt, um ein echtes, hochwertiges Produkt zu garantieren, das reich an allen Eigenschaften ist, die es einzigartig und wertvoll machen. <\/span><\/p>\n<p>100% handgefertigtes, monoflorales und nicht pasteurisiertes Produkt. Sie erhalten ein nat\u00fcrliches und authentisches Produkt f\u00fcr zu Hause, das aus B\u00f6den stammt, die frei von Pestiziden und bienensch\u00e4digenden Substanzen sind.<\/p>\n<h5>Merkmale von Kastanienhonig<\/h5>\n<ol>\n<li><strong>Farbe<\/strong>: Kastanienhonig hat eine sehr dunkle Farbe. Er ist im Allgemeinen dunkler als andere Honigsorten.<\/li>\n<li><strong>Geschmack<\/strong>: Sein Geschmack ist nicht sehr s\u00fc\u00df, mit leicht <b>holzigen<\/b> Noten.<\/li>\n<li><strong>Aroma<\/strong>: Das Aroma ist ziemlich intensiv, mit einem Hauch von Kr\u00e4utern, die an Bergd\u00fcfte erinnern.<\/li>\n<li><strong>Wohltuende Eigenschaften von Kastanienhonig<\/strong>: Kastanienhonig ist ein wertvoller Verb\u00fcndeter f\u00fcr die Gesundheit. Er ist reich an Eisen, Mineralsalzen wie Magnesium, Kalium, Natrium und Kalzium, die das allgemeine Wohlbefinden des K\u00f6rpers unterst\u00fctzen. Dank seiner antibakteriellen und beruhigenden Eigenschaften ist er ideal, um gereizte Kehlen zu lindern und grippe\u00e4hnliche Zust\u00e4nde zu behandeln, und ist auch bei Verstopfung oder Problemen mit den Harnwegen angezeigt. Er ist ein nat\u00fcrliches Heilmittel, das Energie freisetzt und die Erholung von M\u00fcdigkeit unterst\u00fctzt. Er ist ein starkes Antioxidans, das die Zellalterung bek\u00e4mpft. Er f\u00f6rdert au\u00dferdem die Blutzirkulation, reinigt die Leber und die Harnwege und f\u00f6rdert die Verdauung, weshalb er auch f\u00fcr Kinder und \u00e4ltere Menschen geeignet ist.<\/li>\n<\/ol>\n<p><strong>Format:<\/strong> 250g<\/p>\n<p><strong>Herkunft Honig:<\/strong> Italien (Kalabrien)<\/p>\n<p>Die m\u00f6gliche Verfestigung des Kastanienhonigs garantiert die Echtheit des Produkts, da es sich um einen nat\u00fcrlichen Prozess handelt.<\/p>\n<p><strong>Lagerung:<\/strong> K\u00fchl, trocken, vor direktem Licht und W\u00e4rmequellen gesch\u00fctzt lagern.<\/p>\n<p><strong>Familienbetrieb und Auswahl der besten Rohstoffe<\/strong>, die auf dem fruchtbaren Boden des Betriebs angebaut und nach alter Tradition verarbeitet werden.<\/p>\n<p>Neben dem Kastanienhonig bieten wir eine breite Palette von Produkten an, die alle frisch und handwerklich verarbeitet werden und einen unverwechselbaren Geschmack haben, wie z.B. Fruchts\u00e4fte, Konfit\u00fcren und Marmeladen aus Fr\u00fcchten der Saison, Tomatenp\u00fcrees, Cremes, Honig und Konfit\u00fcren in \u00d6l.<\/p>\n<p><strong>Das Hauptziel der Aktivit\u00e4t ist die Aufwertung der Aromen und Fr\u00fcchte Kalabriens, insbesondere derjenigen, die besonders und normalerweise weniger bekannt sind<\/strong>, wie z.B. die Bergamotte, eine Frucht mit zahlreichen positiven Eigenschaften, so einzigartig und sauer wie das gesamte kalabrische Gebiet.<\/p>\n<p>Wir bieten qualitativ hochwertige, unverf\u00e4lschte Produkte aus einer sorgf\u00e4ltigen und kontrollierten Auswahl von Rohstoffen an, von denen viele direkt von uns angebaut und ohne den Einsatz von Chemikalien gewonnen werden.<\/p>\n<p>Natur, Tradition und hohe Qualit\u00e4t sind die Zutaten f\u00fcr den Erfolg von Agro Pic.<\/p>\n<p>Folgen Sie uns auf INSTAGRAM, um alle Neuigkeiten von Agro Pic zu entdecken<\/p>\n<p><a href=\"https:\/\/www.instagram.com\/agropic\/\" target=\"_blank\" rel=\"noopener\">https:\/\/www.instagram.com\/agropic\/<\/a><\/p>\n<p><strong>F\u00fcr weitere Informationen zu unseren Produkten z\u00f6gern Sie bitte nicht, <a href=\"https:\/\/www.agropic.it\/contatti\/\">uns zu kontaktieren:<\/a><\/strong><\/p>\n<p>Zelle. 3495651669<\/p>\n<p>E-Mail Adresse: info@agropic.it<\/p>\n<p>Tel. 0964 1955229<\/p>\n","protected":false},"excerpt":{"rendered":"<p><span style=\"font-family: inherit; font-size: 16px; font-weight: bold;\">Kastanienhonig ist einer der feinsten Honigsorten. Er hat eine dunkle Farbe und einen intensiven, balsamischen Geschmack.<br \/>\n<\/span><\/p>\n<p><strong>Kastanienhonig<\/strong> ist ein einbl\u00fctiger Honig, der f\u00fcr seinen unverwechselbaren Geschmack, seine wohltuenden Eigenschaften und seine vielseitige Verwendung in der K\u00fcche und der Naturmedizin bekannt ist. Empfohlen f\u00fcr diejenigen, die nicht sehr s\u00fc\u00dfen Honig m\u00f6gen und einen <strong>kr\u00e4ftigeren Geschmack<\/strong> bevorzugen.<\/p>\n<p>100% handgefertigtes, monoflorales und nicht pasteurisiertes Produkt.<\/p>\n<p>Format: 250g<\/p>\n<p>Herkunft Honig: Italien (Kalabrien)<\/p>\n<p>Lesen Sie die vollst\u00e4ndige Beschreibung unten.<\/p>\n<p>&nbsp;<\/p>\n<p><strong>Kaufen Sie es jetzt und erhalten Sie es in 2-3 Tagen bei Ihnen zu Hause.<\/strong>&hellip; <a class=\"kt-excerpt-readmore more-link\" href=\"https:\/\/agropic.it\/de\/produkt\/kastanienhonig-250-g\/\" aria-label=\"Kastanienhonig 250 g\">Read More<\/a><\/p>\n","protected":false},"featured_media":11346,"comment_status":"closed","ping_status":"closed","template":"","meta":{"kt_blocks_editor_width":"","_kad_blocks_custom_css":"","_kad_blocks_head_custom_js":"","_kad_blocks_body_custom_js":"","_kad_blocks_footer_custom_js":""},"product_brand":[],"product_cat":[256],"product_tag":[],"class_list":{"0":"post-11255","1":"product","2":"type-product","3":"status-publish","4":"has-post-thumbnail","6":"product_cat-honig","8":"first","9":"instock","10":"shipping-taxable","11":"purchasable","12":"product-type-simple"},"taxonomy_info":{"product_cat":[{"value":256,"label":"Honig"}]},"featured_image_src_large":["https:\/\/agropic.it\/wp-content\/uploads\/2024\/01\/MIELE-DI-CASTAGNO-250g-2-1-960x960.jpg",960,960,true],"author_info":[],"comment_info":0,"_links":{"self":[{"href":"https:\/\/agropic.it\/de\/wp-json\/wp\/v2\/product\/11255","targetHints":{"allow":["GET"]}}],"collection":[{"href":"https:\/\/agropic.it\/de\/wp-json\/wp\/v2\/product"}],"about":[{"href":"https:\/\/agropic.it\/de\/wp-json\/wp\/v2\/types\/product"}],"replies":[{"embeddable":true,"href":"https:\/\/agropic.it\/de\/wp-json\/wp\/v2\/comments?post=11255"}],"wp:featuredmedia":[{"embeddable":true,"href":"https:\/\/agropic.it\/de\/wp-json\/wp\/v2\/media\/11346"}],"wp:attachment":[{"href":"https:\/\/agropic.it\/de\/wp-json\/wp\/v2\/media?parent=11255"}],"wp:term":[{"taxonomy":"product_brand","embeddable":true,"href":"https:\/\/agropic.it\/de\/wp-json\/wp\/v2\/product_brand?post=11255"},{"taxonomy":"product_cat","embeddable":true,"href":"https:\/\/agropic.it\/de\/wp-json\/wp\/v2\/product_cat?post=11255"},{"taxonomy":"product_tag","embeddable":true,"href":"https:\/\/agropic.it\/de\/wp-json\/wp\/v2\/product_tag?post=11255"}],"curies":[{"name":"wp","href":"https:\/\/api.w.org\/{rel}","templated":true}]}}