{"id":11248,"date":"2024-01-23T09:08:49","date_gmt":"2024-01-23T09:08:49","guid":{"rendered":"https:\/\/agropic.it\/prodotto\/crema-di-pistacchio-200g\/"},"modified":"2025-07-15T08:22:35","modified_gmt":"2025-07-15T08:22:35","slug":"crema-di-pistacchio-200g","status":"publish","type":"product","link":"https:\/\/agropic.it\/de\/produkt\/crema-di-pistacchio-200g\/","title":{"rendered":"Pistaziencreme 200g"},"content":{"rendered":"<h6>Pistaziencreme ist ein ausgezeichneter kulinarischer Genuss, reichhaltig und cremig, mit dem charakteristischen und unwiderstehlichen Geschmack von Pistazien. Der Geschmack der Pistaziencreme ist unverwechselbar und voll, mit einer ausgewogenen Kombination aus S\u00fc\u00dfe und einer leicht salzigen Note.<\/h6>\n<p>Diese Creme wird aus den hochwertigsten Pistazien hergestellt und kann auf Toast gestrichen, als F\u00fcllung f\u00fcr Kuchen verwendet, zu Eiscreme hinzugef\u00fcgt oder zur Verfeinerung des Geschmacks von Kuchen, Keksen und mehr verwendet werden.<\/p>\n<p><strong>Zutaten:<\/strong> Pistazien* 40%, Zucker, Sonnenblumen\u00f6l mit hohem \u00d6ls\u00e4uregehalt, pflanzliches Fett, Magermilchpulver*, Molkenpulver*, Emulgator: Sojalecithin*. Allergene: Produkte mit *<\/p>\n<p><strong>Format:<\/strong> 200g<\/p>\n<h6><strong>Durchschnittliche N\u00e4hrwerte pro 100 g des Produkts:<\/strong><\/h6>\n<ul>\n<li>\n<h6>Energie 560 kcal &#8211; 2331 kj<\/h6>\n<\/li>\n<li>\n<h6>Fett 36.8g<\/h6>\n<\/li>\n<li>\n<h6>davon ges\u00e4ttigt 7.4g<\/h6>\n<\/li>\n<li>\n<h6>Kohlenhydrate 44.9g<\/h6>\n<\/li>\n<li>\n<h6>davon Zucker 41.6g<\/h6>\n<\/li>\n<li>\n<h6>Eiwei\u00df 10.4g<\/h6>\n<\/li>\n<li>\n<h6>Salz 0.13g<\/h6>\n<\/li>\n<\/ul>\n<p><strong>Familienbetrieb und Auswahl der besten Rohstoffe<\/strong>, die auf dem fruchtbaren Boden des Betriebs angebaut und nach alter Tradition verarbeitet werden.<\/p>\n<p>Neben der Pistaziencreme bieten wir eine breite Palette von Produkten an, die alle frisch und handwerklich verarbeitet werden und einen unverwechselbaren Geschmack haben, wie z.B. Fruchts\u00e4fte, Konfit\u00fcren und Marmeladen aus Fr\u00fcchten der Saison, Tomatenp\u00fcree, Cremes, Honig und Konfit\u00fcren in \u00d6l.<\/p>\n<p><strong>Das Hauptziel der Aktivit\u00e4t ist die Aufwertung der Aromen und Fr\u00fcchte Kalabriens, insbesondere derjenigen, die besonders und normalerweise weniger bekannt sind<\/strong>, wie z.B. die Bergamotte, eine Frucht mit zahlreichen positiven Eigenschaften, so einzigartig und sauer wie das gesamte kalabrische Gebiet.<\/p>\n<p>Wir bieten qualitativ hochwertige, unverf\u00e4lschte Produkte aus einer sorgf\u00e4ltigen und kontrollierten Auswahl von Rohstoffen an, von denen viele direkt von uns angebaut und ohne den Einsatz von Chemikalien gewonnen werden.<\/p>\n<p>Natur, Tradition und hohe Qualit\u00e4t sind die Zutaten f\u00fcr den Erfolg von Agro Pic.<\/p>\n<p>Folgen Sie uns auf INSTAGRAM, um alle Neuigkeiten von Agro Pic zu entdecken<\/p>\n<p><a href=\"https:\/\/www.instagram.com\/agropic\/\" target=\"_blank\" rel=\"noopener\">https:\/\/www.instagram.com\/agropic\/<\/a><\/p>\n<p><strong>F\u00fcr weitere Informationen zu unseren Produkten z\u00f6gern Sie bitte nicht, <a href=\"https:\/\/www.agropic.it\/contatti\/\">uns zu kontaktieren:<\/a><\/strong><\/p>\n<p>Zelle. 3495651669<\/p>\n<p>E-Mail Adresse: info@agropic.it<\/p>\n<p>Tel. 0964 1955229<\/p>\n<p>&nbsp;<\/p>\n","protected":false},"excerpt":{"rendered":"<p>Pistaziencreme ist ein ausgezeichneter kulinarischer Genuss, reichhaltig und cremig, mit dem charakteristischen und unwiderstehlichen Geschmack von Pistazien. Der Geschmack der Pistaziencreme ist unverwechselbar und voll, mit einer ausgewogenen Kombination aus S\u00fc\u00dfe und einer leicht salzigen Note.<\/p>\n<p>Diese Creme wird aus den hochwertigsten Pistazien hergestellt und kann auf Toast gestrichen, als F\u00fcllung f\u00fcr Kuchen verwendet, zu Eiscreme hinzugef\u00fcgt oder zur Verfeinerung des Geschmacks von Kuchen, Keksen und mehr verwendet werden.<\/p>\n<p><strong>Zutaten:<\/strong> Pistazien* 40%, Zucker, Sonnenblumen\u00f6l mit hohem \u00d6ls\u00e4uregehalt, pflanzliches Fett, Magermilchpulver*, Molkenpulver*, Emulgator: Sojalecithin*. Allergene: Produkte mit *<\/p>\n<p><strong>Format:<\/strong> 200g<\/p>\n<p>Lesen Sie die vollst\u00e4ndige Beschreibung f\u00fcr weitere Informationen!<\/p>\n<p>&nbsp;<\/p>\n<p><strong>Kaufen Sie es jetzt und erhalten Sie es in 2-3 Tagen bei Ihnen zu Hause.<\/strong>&hellip; <a class=\"kt-excerpt-readmore more-link\" href=\"https:\/\/agropic.it\/de\/produkt\/crema-di-pistacchio-200g\/\" aria-label=\"Pistaziencreme 200g\">Read More<\/a><\/p>\n","protected":false},"featured_media":8186,"comment_status":"closed","ping_status":"closed","template":"","meta":{"kt_blocks_editor_width":"","_kad_blocks_custom_css":"","_kad_blocks_head_custom_js":"","_kad_blocks_body_custom_js":"","_kad_blocks_footer_custom_js":""},"product_brand":[],"product_cat":[248],"product_tag":[1007,1008,1009,1010,1011],"class_list":{"0":"post-11248","1":"product","2":"type-product","3":"status-publish","4":"has-post-thumbnail","6":"product_cat-pasteten-und-brotaufstriche","7":"product_tag-crema-al-pistacchio-de","8":"product_tag-crema-di-pistacchio-de","9":"product_tag-crema-pistacchio-de","10":"product_tag-crema-spalmabile-pistacchio-de","11":"product_tag-pistacchio-spalmabile-de","13":"first","14":"instock","15":"shipping-taxable","16":"purchasable","17":"product-type-simple"},"taxonomy_info":{"product_cat":[{"value":248,"label":"Pasteten und Brotaufstriche"}],"product_tag":[{"value":1007,"label":"crema al pistacchio"},{"value":1008,"label":"crema di pistacchio"},{"value":1009,"label":"crema pistacchio"},{"value":1010,"label":"crema spalmabile pistacchio"},{"value":1011,"label":"pistacchio spalmabile"}]},"featured_image_src_large":["https:\/\/agropic.it\/wp-content\/uploads\/2024\/01\/Crema-di-pistacchio-2-960x960.jpg",960,960,true],"author_info":[],"comment_info":0,"_links":{"self":[{"href":"https:\/\/agropic.it\/de\/wp-json\/wp\/v2\/product\/11248","targetHints":{"allow":["GET"]}}],"collection":[{"href":"https:\/\/agropic.it\/de\/wp-json\/wp\/v2\/product"}],"about":[{"href":"https:\/\/agropic.it\/de\/wp-json\/wp\/v2\/types\/product"}],"replies":[{"embeddable":true,"href":"https:\/\/agropic.it\/de\/wp-json\/wp\/v2\/comments?post=11248"}],"wp:featuredmedia":[{"embeddable":true,"href":"https:\/\/agropic.it\/de\/wp-json\/wp\/v2\/media\/8186"}],"wp:attachment":[{"href":"https:\/\/agropic.it\/de\/wp-json\/wp\/v2\/media?parent=11248"}],"wp:term":[{"taxonomy":"product_brand","embeddable":true,"href":"https:\/\/agropic.it\/de\/wp-json\/wp\/v2\/product_brand?post=11248"},{"taxonomy":"product_cat","embeddable":true,"href":"https:\/\/agropic.it\/de\/wp-json\/wp\/v2\/product_cat?post=11248"},{"taxonomy":"product_tag","embeddable":true,"href":"https:\/\/agropic.it\/de\/wp-json\/wp\/v2\/product_tag?post=11248"}],"curies":[{"name":"wp","href":"https:\/\/api.w.org\/{rel}","templated":true}]}}