{"id":11158,"date":"2024-01-26T17:02:01","date_gmt":"2025-04-04T15:43:42","guid":{"rendered":"https:\/\/agropic.it\/?post_type=product&#038;p=11158"},"modified":"2025-07-08T07:55:44","modified_gmt":"2025-07-08T07:55:44","slug":"nduja-streichbare-fleischpaste","status":"publish","type":"product","link":"https:\/\/agropic.it\/de\/produkt\/nduja-streichbare-fleischpaste\/","title":{"rendered":"&#8218;Nduja &#8211; 180g"},"content":{"rendered":"<h5>&#8218;Nduja<br \/>\nStreichf\u00e4hige Kalabrien-Nduja<\/h5>\n<p>Ohne Konservierungsstoffe, Farbstoffe und Verdickungsmittel<\/p>\n<p>K\u00f6stliche streichf\u00e4hige Kalabrien-Nduja, hergestellt aus 100 % italienischem Fleisch. Ihre weiche Konsistenz und ihr kr\u00e4ftiger, w\u00fcrziger Geschmack machen sie zu einer vielseitigen W\u00fcrzmischung f\u00fcr Gerichte wie Pasta, Brot und Pizza. Probieren Sie sie direkt auf ger\u00f6stetem Brot oder verleihen Sie Ihren Gerichten eine authentische Note!<\/p>\n<p><strong>Format<\/strong>: 180 g<\/p>\n<p><strong>Zutaten<\/strong>: 96 % streichf\u00e4hige Kalabrien-Nduja (Schweinefett 42 %, Schweinefleisch 30 %, Chili 25 %, Salz 3 %), Oliven\u00f6l 4 %.<\/p>\n<p><strong>Aufbewahrung<\/strong>: K\u00fchl und trocken lagern, vor Sonnenlicht und W\u00e4rmequellen sch\u00fctzen. Nach dem \u00d6ffnen im K\u00fchlschrank bei 0 +4 \u00b0C aufbewahren und innerhalb von 30 Tagen verbrauchen.<\/p>\n<p><strong>Durchschnittliche N\u00e4hrwerte pro 100 g:<\/strong><\/p>\n<ul>\n<li>Brennwert 532 kcal\/2199 kj<\/li>\n<li>Eiwei\u00df 20 g<\/li>\n<li>Kohlenhydrate 0,3 g<\/li>\n<li>davon Zucker 0 g<\/li>\n<li>Fett 50 g<\/li>\n<li>davon ges\u00e4ttigte Fetts\u00e4uren 23 g<\/li>\n<li>Salz 2,2 g<\/li>\n<\/ul>\n<p>Familienbetrieb mit Auswahl der besten Rohstoffe, die auf den fruchtbaren B\u00f6den des Unternehmens angebaut und nach alter Tradition verarbeitet werden.<\/p>\n<p>Neben \u2019Nduja bieten wir eine breite Palette an Produkten an, die alle frisch und nach handwerklichen Methoden mit unverwechselbarem Geschmack verarbeitet werden, wie Fruchts\u00e4fte, saisonale Fruchtmarmeladen und -konfit\u00fcren, Tomatenp\u00fcrees, Cremes, Honig- und \u00d6lkonserven.<\/p>\n<p>Das Hauptziel des Unternehmens ist es, die Aromen und Fr\u00fcchte Kalabriens hervorzuheben, insbesondere die besonderen und weniger bekannten, wie zum Beispiel die Bergamotte, eine Frucht mit vielf\u00e4ltigen wohltuenden Eigenschaften, einzigartig und s\u00e4uerlich wie das gesamte kalabrische Gebiet.<\/p>\n<p>Wir bieten unverf\u00e4lschte, hochwertige Produkte auf den Tisch, die aus einer sorgf\u00e4ltigen und kontrollierten Auswahl an Rohstoffen stammen, von denen viele direkt von uns angebaut und ohne den Einsatz von Chemikalien gewonnen werden.<\/p>\n<p>Natur, Tradition und hohe Qualit\u00e4t sind die Zutaten f\u00fcr den Erfolg von Agro Pic.<\/p>\n<p>Folgen Sie uns auf Instagram und erfahren Sie alle Neuigkeiten von Agro Pic.<\/p>\n<p>https:\/\/www.instagram.com\/agropic\/<\/p>\n<p>F\u00fcr weitere Informationen zu unseren Produkten kontaktieren Sie uns gerne:<\/p>\n<p>Mobil: 3495651669<\/p>\n<p>E-Mail: info@agropic.it<\/p>\n<p>Tel.: 0964 1955229<\/p>\n","protected":false},"excerpt":{"rendered":"<p><strong>Nduja \u2013 Streichbare Fleischpaste<\/strong><\/p>\n<p><strong>Inhalt:<\/strong>\u00a0180 g<\/p>\n<p><strong>Zutaten:<\/strong>\u00a0\u2019Nduja 96 % (Schweinefett 42 %, Schweinefleisch 30 %, Chili 25 %, Salz 3 %), Oliven\u00f6l 4 %.<\/p>\n<p><strong>Ohne Konservierungsstoffe, ohne Farbstoffe und ohne Verdickungsmittel<\/strong><\/p>\n<p>K\u00f6stliche streichf\u00e4hige \u2019Nduja aus Kalabrien, hergestellt aus 100 % italienischem Fleisch. Ihre weiche Konsistenz und ihr kr\u00e4ftiger, w\u00fcrzig-pikanter Geschmack machen sie zu einem vielseitigen Topping f\u00fcr Gerichte wie Pasta, Brot und Pizza. Probieren Sie sie einfach auf ger\u00f6stetem Brot oder verleihen Sie Ihren Speisen eine authentische Note!<\/p>\n<p><strong>Weitere Details finden Sie in der vollst\u00e4ndigen Produktbeschreibung.<\/strong>&hellip; <a class=\"kt-excerpt-readmore more-link\" href=\"https:\/\/agropic.it\/de\/produkt\/nduja-streichbare-fleischpaste\/\" aria-label=\"&#8218;Nduja &#8211; 180g\">Read More<\/a><\/p>\n","protected":false},"featured_media":4732,"comment_status":"closed","ping_status":"closed","template":"","meta":{"kt_blocks_editor_width":"","_kad_blocks_custom_css":"","_kad_blocks_head_custom_js":"","_kad_blocks_body_custom_js":"","_kad_blocks_footer_custom_js":""},"product_brand":[],"product_cat":[248],"product_tag":[],"class_list":{"0":"post-11158","1":"product","2":"type-product","3":"status-publish","4":"has-post-thumbnail","6":"product_cat-pasteten-und-brotaufstriche","8":"first","9":"instock","10":"shipping-taxable","11":"purchasable","12":"product-type-simple"},"taxonomy_info":{"product_cat":[{"value":248,"label":"Pasteten und Brotaufstriche"}]},"featured_image_src_large":["https:\/\/agropic.it\/wp-content\/uploads\/2021\/06\/Nduja-960x960.jpg",960,960,true],"author_info":[],"comment_info":0,"_links":{"self":[{"href":"https:\/\/agropic.it\/de\/wp-json\/wp\/v2\/product\/11158","targetHints":{"allow":["GET"]}}],"collection":[{"href":"https:\/\/agropic.it\/de\/wp-json\/wp\/v2\/product"}],"about":[{"href":"https:\/\/agropic.it\/de\/wp-json\/wp\/v2\/types\/product"}],"replies":[{"embeddable":true,"href":"https:\/\/agropic.it\/de\/wp-json\/wp\/v2\/comments?post=11158"}],"wp:featuredmedia":[{"embeddable":true,"href":"https:\/\/agropic.it\/de\/wp-json\/wp\/v2\/media\/4732"}],"wp:attachment":[{"href":"https:\/\/agropic.it\/de\/wp-json\/wp\/v2\/media?parent=11158"}],"wp:term":[{"taxonomy":"product_brand","embeddable":true,"href":"https:\/\/agropic.it\/de\/wp-json\/wp\/v2\/product_brand?post=11158"},{"taxonomy":"product_cat","embeddable":true,"href":"https:\/\/agropic.it\/de\/wp-json\/wp\/v2\/product_cat?post=11158"},{"taxonomy":"product_tag","embeddable":true,"href":"https:\/\/agropic.it\/de\/wp-json\/wp\/v2\/product_tag?post=11158"}],"curies":[{"name":"wp","href":"https:\/\/api.w.org\/{rel}","templated":true}]}}