{"id":11152,"date":"2024-01-29T10:33:06","date_gmt":"2024-01-29T10:33:06","guid":{"rendered":"https:\/\/agropic.it\/prodotto\/100-succo-di-melograno-bio-720ml-1-bottiglia\/"},"modified":"2026-02-27T15:39:06","modified_gmt":"2026-02-27T15:39:06","slug":"granatapfelsaft-720-ml-1-flasche","status":"publish","type":"product","link":"https:\/\/agropic.it\/de\/produkt\/granatapfelsaft-720-ml-1-flasche\/","title":{"rendered":"100% Granatapfelsaft 720ml &#8211; (1 Flasche)"},"content":{"rendered":"<h6><strong>Granatapfelsaft 720ml<\/strong><\/h6>\n<p>Der Granatapfelsaft ist ein starkes nat\u00fcrliches Antioxidans, reich an Vitaminen und Mineralstoffen. Er st\u00e4rkt das Immunsystem und wird vor allem wegen seiner entz\u00fcndungshemmenden, anti-degenerativen und entgiftenden Wirkung konsumiert. Zudem ist er eine wertvolle Hilfe zur Senkung des Cholesterinspiegels im Blut.<\/p>\n<p><strong>Zutaten:<\/strong>\u00a0100% Granatapfelsaft<br \/>\n<strong>Ohne Zuckerzusatz und ohne Konservierungsstoffe<\/strong><br \/>\n<strong>Herkunft der Granat\u00e4pfel:<\/strong>\u00a0Italien<br \/>\n<strong>Format:<\/strong>\u00a0720ml<\/p>\n<p><strong>Aufbewahrungshinweise:<\/strong><br \/>\nAn einem k\u00fchlen und trockenen Ort lagern, fern von Licht- oder W\u00e4rmequellen. Nach dem \u00d6ffnen im K\u00fchlschrank aufbewahren und innerhalb weniger Tage verbrauchen.<\/p>\n<p>M\u00f6gliche Ablagerungen oder Trennung sind auf die Nat\u00fcrlichkeit des Produkts zur\u00fcckzuf\u00fchren.<\/p>\n<p>Der Saft kann pur oder mit Wasser verd\u00fcnnt genossen werden.<\/p>\n<p><strong>N\u00e4hrwerte pro 100g:<\/strong><\/p>\n<ul>\n<li>Energie: 213 kJ \/ 51 kcal<\/li>\n<li>Eiwei\u00df: 0,2g<\/li>\n<li>Kohlenhydrate: 13g\n<ul>\n<li>davon Zucker: 12,7g<\/li>\n<\/ul>\n<\/li>\n<li>Fett: 0,2g\n<ul>\n<li>davon ges\u00e4ttigte Fetts\u00e4uren: 0,2g<\/li>\n<\/ul>\n<\/li>\n<li>Salz: 2,25mg<\/li>\n<\/ul>\n<p>Schon in der Antike wurden dem Granatapfel zahlreiche nahrhafte Eigenschaften zugeschrieben.<\/p>\n<p><strong>Gesundheitsf\u00f6rdernde Wirkungen von Granatapfelsaft:<\/strong><\/p>\n<ul>\n<li>Starkes nat\u00fcrliches Antioxidans<\/li>\n<li>Entz\u00fcndungshemmende Eigenschaften<\/li>\n<li>Anti-degenerative Wirkung<\/li>\n<li>Entgiftet den K\u00f6rper<\/li>\n<li>Senkt den Cholesterinspiegel im Blut<\/li>\n<li>Reich an Vitaminen und Mineralstoffen<\/li>\n<\/ul>\n<p><strong>Klicken Sie hier, um alle Kaufoptionen zu entdecken:<\/strong><br \/>\n<a href=\"https:\/\/agropic.it\/categoria-prodotto\/prodotti-al-melograno\/\" target=\"_blank\" rel=\"noopener noreferrer\">https:\/\/agropic.it\/categoria-prodotto\/prodotti-al-melograno\/<\/a><\/p>\n<p>Familiengef\u00fchrt und mit ausgew\u00e4hlten Rohstoffen, angebaut auf den fruchtbaren B\u00f6den unseres Betriebs und verarbeitet nach alter Tradition.<\/p>\n<p>Neben Granatapfelsaft bieten wir eine breite Palette an Produkten, alle frisch und handwerklich hergestellt mit unverwechselbarem Geschmack \u2013 darunter Fruchts\u00e4fte, Marmeladen und Konfit\u00fcren aus saisonalem Obst, Tomatensaucen, Cremes, Honig und eingelegte Spezialit\u00e4ten in \u00d6l.<\/p>\n<p>Unser Hauptziel ist die Bewahrung der Aromen und Fr\u00fcchte Kalabriens, insbesondere besonderer und weniger bekannter Sorten wie der Bergamotte \u2013 einer Frucht mit vielf\u00e4ltigen gesundheitlichen Vorteilen, einzigartig und herb wie die kalabrische Landschaft selbst.<\/p>\n<p>Wir bringen hochwertige, authentische Produkte auf den Tisch, aus sorgf\u00e4ltig ausgew\u00e4hlten Rohstoffen, von denen viele direkt von uns angebaut und ohne chemische Zus\u00e4tze gewonnen werden.<\/p>\n<p>Natur, Tradition und h\u00f6chste Qualit\u00e4t \u2013 die Erfolgszutaten von\u00a0<strong>Agro Pic<\/strong>.<\/p>\n<p><strong>Folgen Sie uns auf Instagram<\/strong>, um alle Neuigkeiten von Agro Pic zu entdecken:<br \/>\n<a href=\"https:\/\/www.instagram.com\/agropic\/\" target=\"_blank\" rel=\"noopener noreferrer\">https:\/\/www.instagram.com\/agropic\/<\/a><\/p>\n<p><strong>Bei Fragen zu unseren Produkten kontaktieren Sie uns gerne:<\/strong><br \/>\n\ud83d\udcde Handy: +39 349 5651669<br \/>\n\ud83d\udce7 E-Mail:\u00a0<a href=\"https:\/\/mailto:info@agropic.it\/\" target=\"_blank\" rel=\"noopener noreferrer\">info@agropic.it<\/a><br \/>\n\u260e Tel.: +39 0964 1955229<\/p>\n","protected":false},"excerpt":{"rendered":"<p><strong>Granatapfelsaft 720 ml<\/strong><\/p>\n<p>Der Granatapfelsaft ist ein starkes nat\u00fcrliches Antioxidans, reich an Vitaminen und Mineralstoffen. Er st\u00e4rkt das Immunsystem und wird vor allem wegen seiner entz\u00fcndungshemmenden, anti-degenerativen und entgiftenden Wirkung konsumiert. Zudem hilft er effektiv, den Cholesterinspiegel im Blut zu senken.<\/p>\n<p><strong>Zutaten:<\/strong>\u00a0100% Granatapfelsaft<br \/>\n<strong>Ohne Zuckerzusatz und ohne Konservierungsstoffe<\/strong><br \/>\n<strong>Herkunft der Granat\u00e4pfel:<\/strong>\u00a0Italien<br \/>\n<strong>Format:<\/strong>\u00a0720 ml<\/p>\n<p><strong>Lies die vollst\u00e4ndige Beschreibung weiter unten<\/strong><\/p>\n<p><strong>Jetzt kaufen und in 4-5 Tagen zu Hause erhalten!<\/strong>&hellip; <a class=\"kt-excerpt-readmore more-link\" href=\"https:\/\/agropic.it\/de\/produkt\/granatapfelsaft-720-ml-1-flasche\/\" aria-label=\"100% Granatapfelsaft 720ml &#8211; (1 Flasche)\">Read More<\/a><\/p>\n","protected":false},"featured_media":7220,"comment_status":"closed","ping_status":"closed","template":"","meta":{"kt_blocks_editor_width":"","_kad_blocks_custom_css":"","_kad_blocks_head_custom_js":"","_kad_blocks_body_custom_js":"","_kad_blocks_footer_custom_js":""},"product_brand":[],"product_cat":[322],"product_tag":[1002,1003,1004,1005,1006],"class_list":{"0":"post-11152","1":"product","2":"type-product","3":"status-publish","4":"has-post-thumbnail","6":"product_cat-granatapfelprodukte","7":"product_tag-100-succo-di-melograno-de","8":"product_tag-melograno-succo-puro-de","9":"product_tag-spremuta-di-melograno-de","10":"product_tag-succo-di-melagrana-de","11":"product_tag-succo-di-melograno-de","13":"first","14":"instock","15":"shipping-taxable","16":"purchasable","17":"product-type-simple"},"taxonomy_info":{"product_cat":[{"value":322,"label":"Granatapfelprodukte"}],"product_tag":[{"value":1002,"label":"100% succo di melograno"},{"value":1003,"label":"melograno succo puro"},{"value":1004,"label":"spremuta di melograno"},{"value":1005,"label":"succo di melagrana"},{"value":1006,"label":"succo di melograno"}]},"featured_image_src_large":["https:\/\/agropic.it\/wp-content\/uploads\/2023\/03\/Succo-di-Melograno-100-720-ml-1-960x960.webp",960,960,true],"author_info":[],"comment_info":0,"_links":{"self":[{"href":"https:\/\/agropic.it\/de\/wp-json\/wp\/v2\/product\/11152","targetHints":{"allow":["GET"]}}],"collection":[{"href":"https:\/\/agropic.it\/de\/wp-json\/wp\/v2\/product"}],"about":[{"href":"https:\/\/agropic.it\/de\/wp-json\/wp\/v2\/types\/product"}],"replies":[{"embeddable":true,"href":"https:\/\/agropic.it\/de\/wp-json\/wp\/v2\/comments?post=11152"}],"wp:featuredmedia":[{"embeddable":true,"href":"https:\/\/agropic.it\/de\/wp-json\/wp\/v2\/media\/7220"}],"wp:attachment":[{"href":"https:\/\/agropic.it\/de\/wp-json\/wp\/v2\/media?parent=11152"}],"wp:term":[{"taxonomy":"product_brand","embeddable":true,"href":"https:\/\/agropic.it\/de\/wp-json\/wp\/v2\/product_brand?post=11152"},{"taxonomy":"product_cat","embeddable":true,"href":"https:\/\/agropic.it\/de\/wp-json\/wp\/v2\/product_cat?post=11152"},{"taxonomy":"product_tag","embeddable":true,"href":"https:\/\/agropic.it\/de\/wp-json\/wp\/v2\/product_tag?post=11152"}],"curies":[{"name":"wp","href":"https:\/\/api.w.org\/{rel}","templated":true}]}}