{"id":11131,"date":"2025-01-24T11:38:17","date_gmt":"2025-04-04T14:28:23","guid":{"rendered":"https:\/\/agropic.it\/?post_type=product&#038;p=11131"},"modified":"2025-04-28T09:01:41","modified_gmt":"2025-04-28T09:01:41","slug":"bergamot-honig-500g-agromiel","status":"publish","type":"product","link":"https:\/\/agropic.it\/de\/produkt\/bergamot-honig-500g-agromiel\/","title":{"rendered":"Bergamot-honig 500g &#8211; AGROMIEL"},"content":{"rendered":"<p><strong>Bergamot-Honig 500g<\/strong>\u00a0ist eine k\u00f6stliche Spezialit\u00e4t aus Sulla-Honig, der mit Bergamot verfeinert wurde. Die nat\u00fcrliche Milde des Sulla-Honigs verbindet sich mit dem frischen, zitrusartigen Aroma des Bergamots.<\/p>\n<p>Dieser\u00a0<strong>Bergamot-Honig 500g \u2013 AGROMIEL<\/strong>\u00a0wird aus sorgf\u00e4ltig ausgew\u00e4hltem Sulla-Honig hergestellt, der mit Hingabe in jedem Produktionsschritt verarbeitet wird \u2013 von der Ernte bis zum Abf\u00fcllen, wobei stets darauf geachtet wird, seine nat\u00fcrlichen Eigenschaften zu bewahren. Jeder Schritt erfolgt in Handarbeit, was ein authentisches und hochwertiges Produkt garantiert, reich an all den Eigenschaften, die ihn einzigartig und wertvoll machen.<\/p>\n<p>Unser\u00a0<strong>Bergamot-Honig 500g<\/strong>\u00a0ist nicht pasteurisiert. Sie erhalten ein naturbelassenes und echtes Produkt, das von pestizidfreien Fl\u00e4chen stammt, die f\u00fcr Bienen unbedenklich sind.<\/p>\n<p>Dieser duftende und begehrte Honig ist vielseitig einsetzbar. Er eignet sich hervorragend zum S\u00fc\u00dfen, F\u00fcllen und Aromatisieren von Desserts und Gerichten, harmoniert aber auch perfekt mit Aufschnitt und K\u00e4se.<\/p>\n<p>Zudem ist dieses besondere Produkt ein wertvoller Gesundheitshelfer, da es reich an wohltuenden Eigenschaften ist.<\/p>\n<p><strong>Zutaten:<\/strong>\u00a0Sulla-Honig 99 %, Bergamot 1 %<\/p>\n<p><strong>Gr\u00f6\u00dfe:<\/strong>\u00a0500g<\/p>\n<p><strong>Herkunft von Honig und Bergamot:<\/strong>\u00a0Italien (Kalabrien)<\/p>\n<p><strong>Lagerung:<\/strong>\u00a0K\u00fchl und trocken lagern, fern von Licht- und W\u00e4rmequellen.<\/p>\n<p>Sollte der\u00a0<strong>Bergamot-Honig 500g<\/strong>\u00a0kristallisieren, best\u00e4tigt dies seine Nat\u00fcrlichkeit, da dies ein normaler Prozess ist. Mit der Zeit kann die Konsistenz k\u00f6rniger werden, was jedoch die Qualit\u00e4t nicht beeintr\u00e4chtigt. Durch behutsames Erw\u00e4rmen des Glases l\u00e4sst sich der Honig wieder verfl\u00fcssigen.<\/p>\n<p>Der Geschmack des Sulla-Honigs (von einer typisch mediterranen Pflanze) ist mild, ebenso wie sein Duft \u2013 ein angenehmes Aroma von Wildkr\u00e4utern mit einer zitrusartigen Note. Besonders wertvoll ist sein Gehalt an Vitaminen A, B und C sowie die Tatsache, dass er s\u00fc\u00dft, aber nur wenig Einfachzucker enth\u00e4lt.<\/p>\n<p>Ideal bei Halsschmerzen und Husten, wirkt dieser Honig au\u00dferdem harntreibend und abf\u00fchrend, reguliert die Darmt\u00e4tigkeit und unterst\u00fctzt die Entgiftung der Leber. Er ist ein nat\u00fcrliches St\u00e4rkungsmittel und enth\u00e4lt kein Cholesterin, keine Ballaststoffe, Laktose, Gluten oder Histamine.<\/p>\n<p>Der\u00a0<strong>Bergamot-Honig 500g<\/strong>\u00a0wird haupts\u00e4chlich als nat\u00fcrlicher S\u00fc\u00dfstoff verwendet, z. B. f\u00fcr Kr\u00e4utertees wie Kamille oder andere Aufg\u00fcsse, schmeckt aber auch hervorragend auf Brot oder zu K\u00e4se.<\/p>\n<p>Ein Familienbetrieb, der die besten Rohstoffe aus den fruchtbaren B\u00f6den Kalabriens ausw\u00e4hlt und nach traditionellen Methoden verarbeitet.<\/p>\n<p>Neben\u00a0<strong>Bergamot-Sulla-Honig<\/strong>\u00a0bieten wir eine breite Palette weiterer handwerklich hergestellter Produkte mit unverwechselbarem Geschmack an, darunter Fruchts\u00e4fte, Marmeladen und saisonale Fruchtaufstriche, Tomatensaucen, Cremes, Honig und eingelegte Spezialit\u00e4ten.<\/p>\n<p>Unser Ziel ist es, die Aromen und Fr\u00fcchte Kalabriens zu w\u00fcrdigen \u2013 insbesondere besondere, weniger bekannte wie die Bergamotte, eine Frucht mit vielf\u00e4ltigen gesundheitlichen Vorz\u00fcgen, so einzigartig und charakterstark wie die kalabrische Landschaft selbst.<\/p>\n<p>Wir bringen echte, hochwertige Produkte auf Ihren Tisch, aus sorgf\u00e4ltig ausgew\u00e4hlten Rohstoffen, viele davon in eigenem Anbau ohne chemische Zus\u00e4tze.<\/p>\n<p>Natur, Tradition und h\u00f6chste Qualit\u00e4t sind das Erfolgsrezept von Agro Pic.<\/p>\n<p>Folgen Sie uns auf\u00a0<strong>INSTAGRAM<\/strong>, um alle Neuigkeiten von Agro Pic zu entdecken:<br \/>\n<a href=\"https:\/\/www.instagram.com\/agropic\/\" target=\"_blank\" rel=\"noopener noreferrer\">https:\/\/www.instagram.com\/agropic\/<\/a><\/p>\n<p>Bei Fragen zu unseren Produkten k\u00f6nnen Sie uns gerne\u00a0<strong>kontaktieren<\/strong>:<br \/>\n\ud83d\udcf1 Handy: +39 349 5651669<br \/>\n\ud83d\udce7 E-Mail:\u00a0<a href=\"https:\/\/mailto:info@agropic.it\/\" target=\"_blank\" rel=\"noopener noreferrer\">info@agropic.it<\/a><br \/>\n\u260e\ufe0f Tel.: +39 0964 1955229<\/p>\n","protected":false},"excerpt":{"rendered":"<h2><strong>Bergamot-Honig<\/strong><\/h2>\n<p><strong>Bergamot-Honig &#8211; AGROMIEL von Agro Pic<\/strong>\u00a0ist eine k\u00f6stliche Spezialit\u00e4t aus Sulla-Honig, verfeinert mit Bergamot. Die nat\u00fcrliche Milde des Sulla-Honigs verbindet sich mit dem frischen, zitrusartigen Aroma des Bergamots.<\/p>\n<p>Dieser duftende und hochgesch\u00e4tzte Honig ist vielseitig einsetzbar. Er wird vor allem zum S\u00fc\u00dfen, F\u00fcllen und Aromatisieren von S\u00fc\u00dfspeisen und Gerichten verwendet, passt aber auch perfekt zu Aufschnitt und K\u00e4se.<\/p>\n<p>Der\u00a0<strong>Bergamot-Honig (500g)<\/strong>\u00a0ist zudem ein wertvoller Gesundheitshelfer, da er reich an wohltuenden Eigenschaften ist.<\/p>\n<p><strong>Zutaten:<\/strong>\u00a0Sulla-Honig 99 %, Bergamot 1 %<br \/>\n<strong>Gr\u00f6\u00dfe:<\/strong>\u00a0500g<br \/>\n<strong>Herkunft von Honig und Bergamot:<\/strong>\u00a0Italien (Kalabrien)<\/p>\n<p><em>Lesen Sie die vollst\u00e4ndige Produktbeschreibung weiter unten.<\/em><\/p>\n<p><strong>Jetzt kaufen und in 4-5 Tagen zu Hause erhalten!<\/strong>&hellip; <a class=\"kt-excerpt-readmore more-link\" href=\"https:\/\/agropic.it\/de\/produkt\/bergamot-honig-500g-agromiel\/\" aria-label=\"Bergamot-honig 500g &#8211; AGROMIEL\">Read More<\/a><\/p>\n","protected":false},"featured_media":10366,"comment_status":"closed","ping_status":"closed","template":"","meta":{"kt_blocks_editor_width":"","_kad_blocks_custom_css":"","_kad_blocks_head_custom_js":"","_kad_blocks_body_custom_js":"","_kad_blocks_footer_custom_js":""},"product_brand":[],"product_cat":[256],"product_tag":[],"class_list":{"0":"post-11131","1":"product","2":"type-product","3":"status-publish","4":"has-post-thumbnail","6":"product_cat-honig","8":"first","9":"instock","10":"shipping-taxable","11":"purchasable","12":"product-type-simple"},"taxonomy_info":{"product_cat":[{"value":256,"label":"Honig"}]},"featured_image_src_large":["https:\/\/agropic.it\/wp-content\/uploads\/2025\/01\/Progetto-senza-titolo-1-1-960x960.png",960,960,true],"author_info":[],"comment_info":0,"_links":{"self":[{"href":"https:\/\/agropic.it\/de\/wp-json\/wp\/v2\/product\/11131","targetHints":{"allow":["GET"]}}],"collection":[{"href":"https:\/\/agropic.it\/de\/wp-json\/wp\/v2\/product"}],"about":[{"href":"https:\/\/agropic.it\/de\/wp-json\/wp\/v2\/types\/product"}],"replies":[{"embeddable":true,"href":"https:\/\/agropic.it\/de\/wp-json\/wp\/v2\/comments?post=11131"}],"wp:featuredmedia":[{"embeddable":true,"href":"https:\/\/agropic.it\/de\/wp-json\/wp\/v2\/media\/10366"}],"wp:attachment":[{"href":"https:\/\/agropic.it\/de\/wp-json\/wp\/v2\/media?parent=11131"}],"wp:term":[{"taxonomy":"product_brand","embeddable":true,"href":"https:\/\/agropic.it\/de\/wp-json\/wp\/v2\/product_brand?post=11131"},{"taxonomy":"product_cat","embeddable":true,"href":"https:\/\/agropic.it\/de\/wp-json\/wp\/v2\/product_cat?post=11131"},{"taxonomy":"product_tag","embeddable":true,"href":"https:\/\/agropic.it\/de\/wp-json\/wp\/v2\/product_tag?post=11131"}],"curies":[{"name":"wp","href":"https:\/\/api.w.org\/{rel}","templated":true}]}}