{"id":3686,"date":"2021-06-24T15:08:24","date_gmt":"2021-06-24T15:08:24","guid":{"rendered":"https:\/\/agropic.it\/?page_id=3686"},"modified":"2021-09-22T10:04:03","modified_gmt":"2021-09-22T10:04:03","slug":"privacy-politik","status":"publish","type":"page","link":"https:\/\/agropic.it\/de\/privacy-politik\/","title":{"rendered":"Privacy-Politik"},"content":{"rendered":"<h1>INFORMATIONEN NACH DER NEUEN GDPR 2016\/679<\/h1>\n<p>Unsere Datenschutzerkl\u00e4rung zielt darauf ab, so lesbar und transparent wie m\u00f6glich darzustellen, wie wir Ihre Daten erheben und verarbeiten. Wir erheben immer nur so viele personenbezogene Daten, wie f\u00fcr die Erbringung unserer Dienstleistungen erforderlich sind. Wir verwenden diese Daten nur f\u00fcr unmittelbare Gesch\u00e4ftszwecke und (wenn n\u00f6tig, z.B. f\u00fcr steuerliche Zwecke) zur Erf\u00fcllung unserer Verpflichtungen nach geltendem Recht. Wir verkaufen Ihre Daten nicht an Dritte und wir erm\u00f6glichen unseren Besuchern\/Nutzern, ihre pers\u00f6nlichen Daten zu aktualisieren oder zu l\u00f6schen.<\/p>\n<h2>Daten-Controller und \u2013Verarbeiter<\/h2>\n<p>Der Inhaber der Datenverarbeitung ist Agropic di Perre Maria Carmela mit Sitz in C.da Marcato SNC &#8211; 89040 Cirella di Plat\u00ec (RC) &#8211; Partita IVA IT02640940801.<\/p>\n<p>Sie k\u00f6nnen mit dem Eigent\u00fcmer \/ Manager der Daten per E-Mail an info@agropic.it oder telefonisch unter 3495651669 in Kontakt treten.<\/p>\n<h2>\nWelche pers\u00f6nlichen Daten wir sammeln und warum wir sie sammeln<\/h2>\n<p>&nbsp;<\/p>\n<h3>E-Commerce<\/h3>\n<p>Wenn Sie auf unserer Seite eine Bestellung aufgeben, erheben wir die folgenden Daten: Vorname, Nachname, Firmenname (optional), Steuernummer und\/oder Umsatzsteueridentifikationsnummer, vollst\u00e4ndige Adresse (Stra\u00dfe, Hausnummer, Postleitzahl, Ort), E-Mail und Telefonnummer. Diese Daten sind notwendig und unverzichtbar, um die korrekte Abwicklung Ihres Einkaufs zu erm\u00f6glichen und f\u00fcr steuerliche Zwecke. Wir werden diese Daten nicht f\u00fcr Marketingzwecke (Versand von Newslettern von uns) verwenden, es sei denn, Sie haben das optionale K\u00e4stchen &#8222;Abonnieren Sie mich f\u00fcr den Newsletter!<\/p>\n<p><strong>Wir sammeln keine Zahlungsdaten:<\/strong> alle Transaktionen finden nicht direkt auf dieser Seite statt. Im Falle einer Zahlung per Paypal oder Kreditkarte erfolgt die Transaktion auf der Paypal-Seite. Um zu erfahren, wie Paypal mit Ihren pers\u00f6nlichen Daten umgeht, k\u00f6nnen Sie die Informationen lesen, indem Sie hier klicken.<\/p>\n<h3>\n<strong>Anmeldung<\/strong><\/h3>\n<p>Wenn Sie sich auf unserer Seite registrieren, erheben wir die folgenden Daten: Ihren gew\u00e4hlten Benutzernamen, Ihre E-Mail-Adresse und Ihr Passwort. Diese Daten werden in unserer Datenbank gespeichert, um das normale und korrekte Funktionieren unserer Website zu erm\u00f6glichen.<br \/>\nIhre E-Mail wird nicht f\u00fcr Marketingzwecke (Zusendung von Werbe-E-Mails von uns) verwendet, es sei denn, Sie haben sich f\u00fcr unseren Newsletter angemeldet.<br \/>\nIhr Passwort ist in unserer Datenbank verschl\u00fcsselt und wir haben keine M\u00f6glichkeit, es zu sehen oder abzurufen. Wenn Sie sie vergessen haben, m\u00fcssen Sie eine neue anfordern, indem Sie auf den Link im Anmeldeformular klicken.<\/p>\n<h3><strong>Kontaktformulare<\/strong><\/h3>\n<p>Wenn Sie eines unserer Kontaktformulare ausf\u00fcllen, erheben wir die folgenden Daten: Vorname, Nachname (nur wenn angegeben), E-Mail, Telefonnummer. Diese Daten sind notwendig, damit wir auf Ihre Anfrage(n) reagieren k\u00f6nnen und werden nicht f\u00fcr Marketingzwecke des Unternehmens verwendet.<\/p>\n<h3>Social Login<\/h3>\n<p>Wenn Sie auf den Button &#8222;Mit Facebook anmelden&#8220; klicken, sammeln wir Daten aus Ihrem \u00f6ffentlichen Profil bei Facebook. Diese Daten umfassen Vorname, Nachname, E-Mail-Adresse, Link zum Social-Media-Profil, eindeutige Kennung, Link zum Avatar des sozialen Profils. Diese Daten werden verwendet, um Ihr Benutzerkonto auf unserer Website zu erstellen. Sie k\u00f6nnen diese Einwilligung jederzeit widerrufen, indem Sie uns eine E-Mail schicken.<\/p>\n<h3>Newsletter (Mailchimp)<\/h3>\n<p>Wenn Sie den Newsletter dieser Website abonnieren (durch Ankreuzen des obligatorischen Zustimmungsfeldes und Anklicken des in der Best\u00e4tigungs-E-Mail erhaltenen Links), teilen Sie uns Ihre E-Mail-Adresse und optional auch Ihren Vor- und Nachnamen mit. Der Newsletter unserer Seite wird in allen Teilen (Speicherung Ihrer pers\u00f6nlichen Daten auf dem Server und Versand von E-Mail-Werbung) von Mailchimp betreut.<\/p>\n<h3>Mailchimp ist ein weltweit f\u00fchrender Anbieter f\u00fcr den Versand von Newslettern.<\/h3>\n<p>Sobald Sie sich angemeldet haben, k\u00f6nnen Sie die von Ihnen bereitgestellten pers\u00f6nlichen Daten und Ihr Abonnement des Dienstes \u00e4ndern\/l\u00f6schen, indem Sie Ihre Einstellungen aktualisieren, sobald Sie eine Werbe-E-Mail erhalten; alternativ k\u00f6nnen Sie jederzeit eine K\u00fcndigung von uns verlangen, indem Sie hier klicken.<\/p>\n<h3>Whatsapp-Banner<\/h3>\n<p>Wenn Sie auf das Whatsapp-Scrollbanner klicken, das sich auf allen Seiten der Website befindet, verbindet Sie Ihr Ger\u00e4t \u00fcber diesen Instant-Messaging-Dienst mit uns. Wir k\u00f6nnen Ihre Telefonnummer und Ihr Whatsapp-Profil nur sehen, wenn Sie uns eine Nachricht schicken, sobald Sie auf den Banner klicken. Wir werden Ihre Telefonnummer nur f\u00fcr den unbedingt notwendigen Zweck der Beantwortung Ihrer Anfragen verwenden. Sie k\u00f6nnen die Datenschutzbestimmungen von Whatsapp einsehen, indem Sie hier klicken.<br \/>\nProduktkommentare und Bewertungen<br \/>\nWenn Besucher oder registrierte Benutzer Kommentare auf der Website hinterlassen (einschlie\u00dflich Produktbewertungen), sammeln wir die im Kommentarformular angezeigten Daten zus\u00e4tzlich zur IP-Adresse des Besuchers und dem User-Agent-String des Browsers, um Spam zu erkennen.<\/p>\n<p>Eine anonymisierte Zeichenkette, die aus Ihrer E-Mail-Adresse erstellt wird (auch als Hash bekannt), kann dem Gravatar-Dienst zur Verf\u00fcgung gestellt werden, um zu sehen, ob Sie ihn verwenden. Die Datenschutzbestimmungen des Gravatar-Dienstes finden Sie hier: https:\/\/automattic.com\/privacy\/. Nachdem Ihr Kommentar genehmigt wurde, ist Ihr Profilbild im Zusammenhang mit Ihrem Kommentar \u00f6ffentlich sichtbar.<\/p>\n<h3>Medien<\/h3>\n<p>Wenn Sie Bilder auf die Website hochladen, sollten Sie es vermeiden, Bilder hochzuladen, die eingebettete Standortdaten (EXIF-GPS) enthalten. Besucher der Website k\u00f6nnen beliebige Standortdaten von Bildern auf der Website herunterladen und extrahieren.<br \/>\nNavigationsdaten<br \/>\nF\u00fcr das ordnungsgem\u00e4\u00dfe Funktionieren dieser Website und der angebotenen Dienste sind Computersysteme und Softwareverfahren erforderlich, die im Laufe ihres normalen Betriebs einige personenbezogene Daten erfassen, deren \u00dcbertragung bei der Verwendung von Internet-Kommunikationsprotokollen implizit ist. Diese Daten werden nicht erhoben, um sie mit identifizierten Personen in Verbindung zu bringen, k\u00f6nnten aber aufgrund ihrer Beschaffenheit durch die Verarbeitung und Verkn\u00fcpfung mit Daten im Besitz von Dritten eine Identifizierung der Nutzer erm\u00f6glichen (z. B. IP-Adressen). Diese Daten werden neben der Erm\u00f6glichung des normalen Betriebs unserer Website nur f\u00fcr anonyme statistische Informationen in Bezug auf die Nutzung des Dienstes und zur \u00dcberpr\u00fcfung seines ordnungsgem\u00e4\u00dfen Funktionierens verwendet und werden f\u00fcr den unbedingt erforderlichen Zeitraum und in \u00dcbereinstimmung mit den geltenden Vorschriften aufbewahrt.<\/p>\n<h3>Cookies<\/h3>\n<p>Diese Website verwendet Cookies, einschlie\u00dflich Cookies von Drittanbietern, um das Browsing-Erlebnis zu verbessern und dem Benutzer die Nutzung unserer Dienste zu erm\u00f6glichen. Cookies sind kleine Textdateien, die von unserer Website gesendet und auf Ihrem Computer, Tablet, Smartphone oder einem anderen mobilen Ger\u00e4t gespeichert werden. Sie enthalten grundlegende Informationen \u00fcber Ihr Internet-Browsing und werden dank Ihres Browsers bei jedem Besuch der Website erkannt.<\/p>\n<p><strong>Einige praktische Beispiele f\u00fcr Cookies:<\/strong><\/p>\n<ul>\n<li>Wenn Sie einen Kommentar auf unserer Seite hinterlassen, k\u00f6nnen Sie w\u00e4hlen, ob Ihr Name, Ihre E-Mail-Adresse und Ihre Website in Cookies gespeichert werden sollen. Sie dienen Ihrer Bequemlichkeit, damit Sie Ihre Daten nicht erneut eingeben m\u00fcssen, wenn Sie einen weiteren Kommentar hinterlassen. Diese Kekse sind ein Jahr lang haltbar.<\/li>\n<li>Wenn Sie ein Konto haben und sich auf dieser Website anmelden, wird ein tempor\u00e4rer Cookie gesetzt, um festzustellen, ob Ihr Browser Cookies akzeptiert. Dieses Cookie enth\u00e4lt keine pers\u00f6nlichen Informationen und wird gel\u00f6scht, wenn Sie Ihren Browser schlie\u00dfen.<\/li>\n<li>Wenn Sie sich anmelden, werden mehrere Cookies gesetzt, um Ihre Anmeldeinformationen und Bildschirmdarstellungsoptionen zu speichern. Anmelde-Cookies bleiben zwei Tage lang bestehen, Bildschirmoptions-Cookies ein Jahr lang. Wenn Sie &#8222;Remember me&#8220; w\u00e4hlen, bleibt Ihr Login zwei Wochen lang bestehen. Wenn Sie sich von Ihrem Konto abmelden, werden Ihre Anmelde-Cookies entfernt.<\/li>\n<li>Wenn Sie einen Artikel bearbeiten oder ver\u00f6ffentlichen, wird ein zus\u00e4tzliches Cookie in Ihrem Browser gespeichert. Dieses Cookie enth\u00e4lt keine pers\u00f6nlichen Daten, sondern zeigt lediglich die ID des Artikels an, den Sie gerade bearbeitet haben. Er verf\u00e4llt nach 1 Tag.<\/li>\n<\/ul>\n<p><strong>Ausf\u00fchrlichere Informationen finden Sie auf unserer Seite Verwendung von Cookies.<\/strong><\/p>\n<h3>Von anderen Websites eingebettete Inhalte<\/h3>\n<p>Die Artikel\/Seiten\/Produkte auf dieser Website k\u00f6nnen eingebettete Inhalte enthalten (z.B. Videos, Bilder, Artikel, Google Maps, etc.). Eingebettete Inhalte von anderen Websites verhalten sich genau so, als ob der Besucher die andere Website besucht h\u00e4tte.<br \/>\nDiese Websites k\u00f6nnen Daten \u00fcber Sie sammeln, Cookies verwenden, zus\u00e4tzliche Trackingfunktionen von Drittanbietern integrieren und Ihre Interaktion mit diesem eingebetteten Inhalt verfolgen, einschlie\u00dflich der Verfolgung Ihrer Interaktion mit dem eingebetteten Inhalt, wenn Sie ein Konto haben und auf dieser Website angemeldet sind.<\/p>\n<h3>Google Analytics<\/h3>\n<p>Wir verwenden Google Analytics, um Informationen \u00fcber die Nutzung unserer Website zu sammeln, wie z. B. die Anzahl der Besucher pro Tag und\/oder \u00fcber einen bestimmten Zeitraum, die Anzahl der Seitenaufrufe und die Beliebtheit bestimmter Seiten\/Artikel\/Produkte. Google Analytics verwendet Cookies und andere \u00e4hnliche Technologien, um Ihr Ger\u00e4t zu identifizieren und Informationen dar\u00fcber bereitzustellen:<\/p>\n<ul>\n<li>IP-Adresse (anonymisiert dank &#8217;spezieller Funktion zur Verhinderung der Speicherung von Informationen \u00fcber vollst\u00e4ndige IP-Adressen. Die verwendeten Informationen k\u00f6nnen daher als nicht unter die Definition personenbezogener Daten fallend betrachtet werden und die Verarbeitung derselben ist von der Verpflichtung der vorherigen Zustimmung des Benutzers ausgenommen)<\/li>\n<li>Geografische Lage (ungef\u00e4hr)<\/li>\n<li>Typ des Ger\u00e4ts (Computer, Smartphone, Tablet)<\/li>\n<li>Verwendetes Betriebssystem und Browser<\/li>\n<li>Welche Seite Sie besucht haben, bevor Sie auf unsere Website gekommen sind.<\/li>\n<\/ul>\n<p><strong>Unsere Website VERWENDET NICHT die Werbefunktionen von Google Analytics und f\u00fchrt daher auch kein Nutzerprofiling und\/oder Remarketing durch.<\/strong><\/p>\n<h3>Mit wem wir Ihre Daten teilen<\/h3>\n<p>Alle auf unserer Website gesammelten pers\u00f6nlichen Daten werden vertraulich behandelt. Wir werden einige oder alle Ihrer Daten unter den unten beschriebenen begrenzten Umst\u00e4nden und mit angemessenen Sicherheitsvorkehrungen in Bezug auf Ihre Privatsph\u00e4re weitergeben:<\/p>\n<ul>\n<li>Falls gesetzlich vorgeschrieben, werden wir Informationen \u00fcber Sie als Reaktion auf eine Vorladung, einen Gerichtsbeschluss oder eine andere rechtm\u00e4\u00dfige beh\u00f6rdliche Anfrage offenlegen<\/li>\n<li>Mit unseren Mitarbeitern und\/oder autorisierten Personen, die die Informationen, die Sie uns \u00fcber unsere Website zur Verf\u00fcgung stellen, kennen m\u00fcssen, um unsere Dienstleistungen f\u00fcr Sie zu erbringen und\/oder f\u00fcr Verwaltungs-, Abrechnungs-, Steuer- und alle anderen damit verbundenen Zwecke. Wir verlangen von allen, dass sie sich strikt an diese Datenschutzrichtlinie halten.<\/li>\n<li>Mailchimp: damit unser Newsletter ordnungsgem\u00e4\u00df funktionieren kann.<\/li>\n<li>Bei unserem Hosting-Provider: Serverplan (nur die im vorigen Abschnitt &#8222;welche personenbezogenen Daten wir erheben und warum wir sie erheben&#8220; genannten Browsing-Daten).<\/li>\n<\/ul>\n<h3>Wie lange wir Ihre Daten aufbewahren<\/h3>\n<ul>\n<li>Die Daten, die Sie bei Ihrer Bestellung angeben, werden auf unbestimmte Zeit und in jedem Fall f\u00fcr den Zeitraum aufbewahrt, der f\u00fcr administrative und steuerliche Zwecke erforderlich ist.<\/li>\n<li>Ihr Benutzername, Ihre E-Mail-Adresse und Ihr Passwort f\u00fcr das Konto, das Sie auf dieser Website erstellt haben, werden auf unbestimmte Zeit aufbewahrt oder bis Sie deren L\u00f6schung beantragen.<\/li>\n<li>Die Daten, die Sie durch das Ausf\u00fcllen von Kontaktformularen \u00fcbermitteln, werden auf unseren Servern und auf unserer Gesch\u00e4ftsausstattung auf unbestimmte Zeit gespeichert. Sie k\u00f6nnen jederzeit die L\u00f6schung dieser Daten verlangen, indem Sie den folgenden Abschnitt &#8222;Welche Rechte haben Sie bez\u00fcglich Ihrer Daten&#8220; konsultieren.<\/li>\n<li>Die E-Mail-Adresse, die Sie bei der Anmeldung zum Newsletter angeben, wird auf unbestimmte Zeit oder bis zu dem Zeitpunkt, an dem Sie deren L\u00f6schung verlangen, gespeichert.<\/li>\n<li>Wenn Sie einen Kommentar hinterlassen, werden der Kommentar und seine Metadaten auf unbestimmte Zeit gespeichert. Dies erm\u00f6glicht es uns, nachfolgende Kommentare automatisch zu erkennen und zu genehmigen, anstatt sie in einer Moderationswarteschlange zu halten.<\/li>\n<li>Ihre Google Analytics-Daten werden zu statistischen Zwecken f\u00fcr 26 Monate gespeichert. Nach dieser Zeit wird sie automatisch gel\u00f6scht.Browsing-Daten werden nur so lange gespeichert, wie es unbedingt notwendig ist und in jedem Fall in \u00dcbereinstimmung mit den geltenden Vorschriften.<\/li>\n<\/ul>\n<h3>Welche Rechte haben Sie an Ihren Daten<\/h3>\n<p>Wenn Sie ein Konto auf dieser Website haben oder Kommentare hinterlassen haben, k\u00f6nnen Sie anfordern, eine exportierte Datei von der Website mit den personenbezogenen Daten zu erhalten, die wir \u00fcber Sie haben, einschlie\u00dflich der Daten, die Sie uns zur Verf\u00fcgung gestellt haben. Sie k\u00f6nnen auch die L\u00f6schung aller personenbezogenen Daten verlangen, die wir \u00fcber Sie gespeichert haben, einschlie\u00dflich der Daten, die Sie bei einer Bestellung, bei der Registrierung eines Kontos und\/oder beim Ausf\u00fcllen von Kontaktformularen angegeben haben; und die wir auf unseren Servern und Gesch\u00e4ftsger\u00e4ten gespeichert haben. Hiervon ausgenommen sind Daten, die wir aus administrativen, rechtlichen oder sicherheitstechnischen Gr\u00fcnden aufbewahren m\u00fcssen.<\/p>\n<p><strong>Wenn Sie wissen m\u00f6chten, welche pers\u00f6nlichen Daten wir \u00fcber Sie gespeichert haben und\/oder diese l\u00f6schen m\u00f6chten, k\u00f6nnen Sie dies per E-Mail an info@agropic.it tun.<\/strong><\/p>\n<h3>Wohin wir Ihre Daten senden<\/h3>\n<p>Ihre personenbezogenen Daten werden auf unseren Firmenger\u00e4ten und (auch auf denen unseres Hosting-Providers) jeweils innerhalb der Europ\u00e4ischen Gemeinschaft gespeichert.<br \/>\nDie Daten, die Sie f\u00fcr das Newsletter-Abonnement zur Verf\u00fcgung stellen, werden auch au\u00dferhalb der europ\u00e4ischen Gemeinschaft verarbeitet (die Server von Mailchimp befinden sich in den Vereinigten Staaten).<br \/>\nDie von Google Analytics erfassten Daten werden in den Vereinigten Staaten verarbeitet.<br \/>\nBesucherkommentare k\u00f6nnen durch einen automatischen Spam-Erkennungsdienst gepr\u00fcft werden.<\/p>\n<p>&nbsp;<\/p>\n<h3>Kontakt Informationen<\/h3>\n<p>F\u00fcr jegliche Informationen\/Zweifel\/Fragen bez\u00fcglich der Verarbeitung Ihrer pers\u00f6nlichen Daten k\u00f6nnen Sie sich an den Inhaber\/Verantwortlichen der Verarbeitung, <strong>Agropic di Perre Maria Carmela<\/strong> unter info@agropic.it oder unter der Telefonnummer <strong>349 5651669<\/strong> wenden.<\/p>\n<h3>\nWie wir Ihre Daten sch\u00fctzen<\/h3>\n<p>Wir tun unser Bestes, um Ihre pers\u00f6nlichen Daten sicher zu halten. Wir verwenden sichere Protokolle f\u00fcr die Kommunikation und Daten\u00fcbertragung (z.B. HTTPS). Wir verwenden Anonymit\u00e4t und Pseudonymit\u00e4t, wo dies m\u00f6glich ist. Wir \u00fcberwachen und aktualisieren unsere Systeme, um m\u00f6gliche Schwachstellen und Angriffe zu verhindern.<\/p>\n<p>Obwohl wir unser Bestes tun, k\u00f6nnen wir die Sicherheit Ihrer Daten nicht garantieren. Wir verpflichten uns jedoch, die zust\u00e4ndigen Beh\u00f6rden \u00fcber Datenschutzverletzungen zu informieren. Wir werden Sie auch informieren, wenn eine Bedrohung Ihrer Rechte oder Interessen vorliegt. Wir werden alles tun, was vern\u00fcnftigerweise m\u00f6glich ist, um Sicherheitsverletzungen zu verhindern und Beh\u00f6rden im Falle einer Verletzung zu unterst\u00fctzen.<\/p>\n<h3>Von welchen Dritten wir Daten erhalten<\/h3>\n<p>Wir erhalten keine Daten von Dritten.<\/p>\n<h3>Welche automatisierte Entscheidungsfindung und\/oder Profiling wir mit Benutzerdaten durchf\u00fchren<\/h3>\n<p>Wir erstellen keine Profile unserer Benutzer\/Besucher.<\/p>\n<h3>\u00c4nderungen der Datenschutzrichtlinie<\/h3>\n<p>Diese Datenschutzrichtlinie gilt ab dem 09.06.2018 und Agropic di Perre Maria Carmela kann ihren Inhalt \u00e4ndern oder aktualisieren.<\/p>\n<p>Zu diesem Zweck laden wir Sie ein, den Abschnitt \u00fcber den Datenschutz zu besuchen, um die aktualisierte Version zu \u00fcberpr\u00fcfen.<\/p>\n","protected":false},"excerpt":{"rendered":"<p>INFORMATIONEN NACH DER NEUEN GDPR 2016\/679 Unsere Datenschutzerkl\u00e4rung zielt darauf ab, so lesbar und transparent wie m\u00f6glich darzustellen, wie wir Ihre Daten erheben und verarbeiten. Wir erheben immer nur so viele personenbezogene Daten, wie f\u00fcr die Erbringung unserer Dienstleistungen erforderlich &hellip; <a class=\"kt-excerpt-readmore more-link\" href=\"https:\/\/agropic.it\/de\/privacy-politik\/\" aria-label=\"Privacy-Politik\">Read More<\/a><\/p>\n","protected":false},"author":39,"featured_media":0,"parent":0,"menu_order":1,"comment_status":"closed","ping_status":"closed","template":"","meta":{"kt_blocks_editor_width":"","_kad_blocks_custom_css":"","_kad_blocks_head_custom_js":"","_kad_blocks_body_custom_js":"","_kad_blocks_footer_custom_js":"","footnotes":""},"class_list":["post-3686","page","type-page","status-publish","hentry"],"taxonomy_info":[],"featured_image_src_large":false,"author_info":{"display_name":"agropic","author_link":"https:\/\/agropic.it\/de\/author\/agropic\/"},"comment_info":"","_links":{"self":[{"href":"https:\/\/agropic.it\/de\/wp-json\/wp\/v2\/pages\/3686","targetHints":{"allow":["GET"]}}],"collection":[{"href":"https:\/\/agropic.it\/de\/wp-json\/wp\/v2\/pages"}],"about":[{"href":"https:\/\/agropic.it\/de\/wp-json\/wp\/v2\/types\/page"}],"author":[{"embeddable":true,"href":"https:\/\/agropic.it\/de\/wp-json\/wp\/v2\/users\/39"}],"replies":[{"embeddable":true,"href":"https:\/\/agropic.it\/de\/wp-json\/wp\/v2\/comments?post=3686"}],"version-history":[{"count":0,"href":"https:\/\/agropic.it\/de\/wp-json\/wp\/v2\/pages\/3686\/revisions"}],"wp:attachment":[{"href":"https:\/\/agropic.it\/de\/wp-json\/wp\/v2\/media?parent=3686"}],"curies":[{"name":"wp","href":"https:\/\/api.w.org\/{rel}","templated":true}]}}