{"id":3672,"date":"2021-06-24T10:59:06","date_gmt":"2021-06-24T10:59:06","guid":{"rendered":"https:\/\/agropic.it\/?page_id=3672"},"modified":"2024-02-02T17:56:35","modified_gmt":"2024-02-02T17:56:35","slug":"versand","status":"publish","type":"page","link":"https:\/\/agropic.it\/de\/versand\/","title":{"rendered":"Versand"},"content":{"rendered":"<p>Pakete werden innerhalb von 24\u201348 Stunden nach Zahlungseingang versandt und per Expresskurier mit Paketverfolgungslink verschickt.<br \/>\nDie Lieferzeiten variieren zwischen 4 und 6 Werktagen f\u00fcr Deutschland und \u00d6sterreich<\/p>\n<p>Die Versandkosten beinhalten Verpackung und Versand.<\/p>\n<p>Die Kartons haben eine angemessene Gr\u00f6\u00dfe und Ihre Gegenst\u00e4nde sind gut gesch\u00fctzt.<\/p>\n<p>Die Versandkosten variieren je nach Gewicht.<\/p>\n<p>Der Versand ist f\u00fcr Bestellungen \u00fcber 45,90 \u20ac nur in Italien kostenlos, f\u00fcr Deutschland und \u00d6sterreich ist kein kostenloser Versand verf\u00fcgbar.<\/p>\n<p>&nbsp;<\/p>\n","protected":false},"excerpt":{"rendered":"<p>Pakete werden innerhalb von 24\u201348 Stunden nach Zahlungseingang versandt und per Expresskurier mit Paketverfolgungslink verschickt. Die Lieferzeiten variieren zwischen 4 und 6 Werktagen f\u00fcr Deutschland und \u00d6sterreich Die Versandkosten beinhalten Verpackung und Versand. Die Kartons haben eine angemessene Gr\u00f6\u00dfe und &hellip; <a class=\"kt-excerpt-readmore more-link\" href=\"https:\/\/agropic.it\/de\/versand\/\" aria-label=\"Versand\">Read More<\/a><\/p>\n","protected":false},"author":39,"featured_media":0,"parent":0,"menu_order":0,"comment_status":"closed","ping_status":"closed","template":"","meta":{"kt_blocks_editor_width":"","_kad_blocks_custom_css":"","_kad_blocks_head_custom_js":"","_kad_blocks_body_custom_js":"","_kad_blocks_footer_custom_js":"","footnotes":""},"class_list":["post-3672","page","type-page","status-publish","hentry"],"taxonomy_info":[],"featured_image_src_large":false,"author_info":{"display_name":"agropic","author_link":"https:\/\/agropic.it\/de\/author\/agropic\/"},"comment_info":"","_links":{"self":[{"href":"https:\/\/agropic.it\/de\/wp-json\/wp\/v2\/pages\/3672","targetHints":{"allow":["GET"]}}],"collection":[{"href":"https:\/\/agropic.it\/de\/wp-json\/wp\/v2\/pages"}],"about":[{"href":"https:\/\/agropic.it\/de\/wp-json\/wp\/v2\/types\/page"}],"author":[{"embeddable":true,"href":"https:\/\/agropic.it\/de\/wp-json\/wp\/v2\/users\/39"}],"replies":[{"embeddable":true,"href":"https:\/\/agropic.it\/de\/wp-json\/wp\/v2\/comments?post=3672"}],"version-history":[{"count":0,"href":"https:\/\/agropic.it\/de\/wp-json\/wp\/v2\/pages\/3672\/revisions"}],"wp:attachment":[{"href":"https:\/\/agropic.it\/de\/wp-json\/wp\/v2\/media?parent=3672"}],"curies":[{"name":"wp","href":"https:\/\/api.w.org\/{rel}","templated":true}]}}